{"id":14,"date":"2021-04-28T08:47:27","date_gmt":"2021-04-28T11:47:27","guid":{"rendered":"http:\/\/lamap.ufjf.br\/grigori\/?page_id=14"},"modified":"2021-04-28T20:44:21","modified_gmt":"2021-04-28T23:44:21","slug":"collaborations","status":"publish","type":"page","link":"http:\/\/lamap.ufjf.br\/grigori\/collaborations\/","title":{"rendered":"Collaborations"},"content":{"rendered":"\n<h3 class=\"wp-block-heading\">Colabora\u00e7\u00f5es<\/h3>\n\n\n\n<p><a href=\"http:\/\/alexei.impa.br\/\">Alexei A. Mailybaev<\/a>&nbsp;&#8211; IMPA<\/p>\n\n\n\n<p><a href=\"http:\/\/meissa98.impa.br\/\">Amaury Alvarez Cruz<\/a>&nbsp;&#8211; IMPA<\/p>\n\n\n\n<p>Angel E. Ramirez Gutierrez &#8211; UNI, Peru<\/p>\n\n\n\n<p><a href=\"http:\/\/mat.ufcg.edu.br\/pessoal\/professores-efetivos\/aparecido-jesuino-de-souza\/\">Aparecido Jesuino de Souza<\/a>&nbsp;&#8211; UFPB<\/p>\n\n\n\n<p><a href=\"http:\/\/www.qui.puc-rio.br\/advisor\/aurora-perez-gramatges\/\">Aurora P\u00e9rez Gramatges<\/a>&nbsp;&#8211; PUC-Rio<\/p>\n\n\n\n<p><a href=\"http:\/\/w3.impa.br\/~gugu\/\">Carlos G. Tamm de A. Moreira<\/a>&nbsp;&#8211; IMPA<\/p>\n\n\n\n<p><a href=\"http:\/\/marchesi.impa.br\/\">Dan Marchesin<\/a>&nbsp;&#8211; IMPA<\/p>\n\n\n\n<p><a href=\"https:\/\/sites.google.com\/dcc.ufrj.br\/dgalfaro\/\">Daniel G. Alfaro Vigo<\/a>&nbsp;&#8211; UFRJ<\/p>\n\n\n\n<p><a href=\"https:\/\/www.tudelft.nl\/en\/staff\/e.c.slob\/\">Evert Slob<\/a>&nbsp;&#8211; TU Delft, Holland<\/p>\n\n\n\n<p>Fatih Ozbag &#8211; Harran University, Turkey<\/p>\n\n\n\n<p><a href=\"https:\/\/www.researchgate.net\/profile\/Jean_Roche\">Jean Roche<\/a>&nbsp;&#8211;&nbsp;University of Lorraine, France<\/p>\n\n\n\n<p><a href=\"http:\/\/www.optimize.ufrj.br\/jose\/\">Jos\u00e9 Herskovits Norman<\/a>&nbsp;&#8211; COPPE (UFRJ)<\/p>\n\n\n\n<p><a href=\"http:\/\/www.geo.citg.tudelft.nl\/~bruining\/\">Hans Bruining<\/a>&nbsp;&#8211; TU Delft, Holland<\/p>\n\n\n\n<p>Laura Senos &#8211; UFJF<\/p>\n\n\n\n<p>Lucy Tiemi Takahashi &#8211; UFJF<\/p>\n\n\n\n<p>Luiz Fernando de O. Faria &#8211; UFJF<\/p>\n\n\n\n<p><a href=\"http:\/\/staff.tudelft.nl\/en\/P.L.J.Zitha\">Pacelli Zitha<\/a>&nbsp;&#8211; TU Delft, Holland<\/p>\n\n\n\n<p><a href=\"http:\/\/www.ufjf.br\/sandro_mazorche\/\">Sandro Rodriques Mazorche<\/a>&nbsp;&#8211; UFJF<\/p>\n\n\n\n<p>Shyam Sumanta Das &#8211; UFJF<\/p>\n\n\n\n<p><a href=\"http:\/\/www4.ncsu.edu\/~schecter\/\">Stephen Schecter<\/a>&nbsp;&#8211;&nbsp;North Carolina State University, USA<\/p>\n\n\n\n<h3 class=\"wp-block-heading\">P\u00f3s-Doutorado<\/h3>\n\n\n\n<p>Luis Fernando Lozano &#8211; UFJF<\/p>\n\n\n\n<p>Thiago&nbsp;de Oliveira Quinelato &#8211; UFJF<\/p>\n\n\n\n<p>Weslley da Silva Pereira &#8211; UFJF<\/p>\n\n\n\n<h3 class=\"wp-block-heading\">Orientandos<\/h3>\n\n\n\n<p>Andres Juli\u00e1n Castrill\u00f3n V\u00e1squez (PGMC)<\/p>\n\n\n\n<p>Filipe Fernandes de Paula (PGMC)<\/p>\n\n\n\n<p>Giulia Carvalho Fritiz (IC)<\/p>\n\n\n\n<p>Jessica Yvonne Santa Cruz Cardenas (PGM)<\/p>\n\n\n\n<p>Jhuan Barbosa da Silva e Cedro (PGMC)<\/p>\n\n\n\n<p>Monalisa Reis da Silva&nbsp;<a href=\"http:\/\/lattes.cnpq.br\/9945119442534152\" target=\"_blank\" rel=\"noreferrer noopener\"><\/a>&nbsp;(PGMC)<\/p>\n\n\n\n<p>Rosmery Violeta Quispe Zavala&nbsp;<a href=\"http:\/\/lattes.cnpq.br\/7510015300104618\" target=\"_blank\" rel=\"noreferrer noopener\"><\/a>&nbsp;(PGMC)<\/p>\n\n\n\n<p>Samuel Oliveira de Almeida&nbsp;<a href=\"http:\/\/lattes.cnpq.br\/5133316075951713\" target=\"_blank\" rel=\"noreferrer noopener\"><\/a>&nbsp;(PGMC)<\/p>\n\n\n\n<h3 class=\"wp-block-heading\">Orienta\u00e7\u00f5es concluidas<\/h3>\n\n\n\n<p>Andr\u00e9 Desiderio Maldonado (PGM)<\/p>\n\n\n\n<p>Angel E. Ramirez Gutierrez&nbsp;<a href=\"http:\/\/lattes.cnpq.br\/8046274052705840\" target=\"_blank\" rel=\"noreferrer noopener\"><\/a>&nbsp;(PGM, IMCA &#8211; Peru)<\/p>\n\n\n\n<p>Daniel Alexis Gutierrez Pachas (PGM)<\/p>\n\n\n\n<p>Denise Schimitz de Carvalho Trist\u00e3o (PGMC)<\/p>\n\n\n\n<p>Edwin Marcos Maravi Percca&nbsp;<a href=\"http:\/\/lattes.cnpq.br\/1902321154581402\" target=\"_blank\" rel=\"noreferrer noopener\"><\/a>&nbsp;(PGM)<\/p>\n\n\n\n<p>Erick M\u00e1rio do Nascimento Oliveira&nbsp;<img decoding=\"async\" alt=\"\" src=\"http:\/\/buscatextual.cnpq.br\/buscatextual\/images\/curriculo\/logolattes.gif\">&nbsp;(PGMC)<\/p>\n\n\n\n<p>Julio C\u00e9sar Agust\u00edn Sangay (PGM)<\/p>\n\n\n\n<p>Mateus Dutra Rhodes (IC)<\/p>\n\n\n\n<p>Miguel Cutipa Coaquira&nbsp;<a href=\"http:\/\/lattes.cnpq.br\/4079789052322350\" target=\"_blank\" rel=\"noreferrer noopener\"><\/a>&nbsp;(PGM)<\/p>\n\n\n\n<p>Pavel Zenon Sejas Paz&nbsp;<a href=\"http:\/\/lattes.cnpq.br\/0463425954630366\" target=\"_blank\" rel=\"noreferrer noopener\"><\/a>&nbsp;(PGM)<\/p>\n\n\n\n<p>Pedro Henrique Borges de Melo (IMPA)<\/p>\n\n\n\n<p>Pedro Henrique Gasparetto Lug\u00e3o (PGM)<\/p>\n\n\n\n<p>Rodrigo Barbosa Moreira (PGM)<\/p>\n\n\n\n<p>Stiw Harrison Herrera Taipe&nbsp;<a href=\"http:\/\/lattes.cnpq.br\/3862247323408950\" target=\"_blank\" rel=\"noreferrer noopener\"><\/a>&nbsp;(PGMC)<\/p>\n\n\n\n<p>Wesley de Jesus Louren\u00e7o&nbsp;<a href=\"http:\/\/lattes.cnpq.br\/8675252627869087\" target=\"_blank\" rel=\"noreferrer noopener\"><\/a>&nbsp;(PGMC)<\/p>\n\n\n\n<p>Weslley da Silva Pereira&nbsp;<a href=\"http:\/\/lattes.cnpq.br\/8270014489610530\" target=\"_blank\" rel=\"noreferrer noopener\"><\/a>&nbsp;(PGM)<\/p>\n\n\n\n<p>Vladimir Alfredo Dionisio Armas (PGM)<\/p>\n\n\n\n<p>William Massayuki Sakaguchi Yamashita&nbsp;<a href=\"http:\/\/lattes.cnpq.br\/3221046741511322\" target=\"_blank\" rel=\"noreferrer noopener\"><\/a>&nbsp;(PGMC)<\/p>\n","protected":false},"excerpt":{"rendered":"<p>Colabora\u00e7\u00f5es Alexei A. Mailybaev&nbsp;&#8211; IMPA Amaury Alvarez Cruz&nbsp;&#8211; IMPA Angel E. Ramirez Gutierrez &#8211; UNI, Peru Aparecido Jesuino de Souza&nbsp;&#8211; UFPB Aurora P\u00e9rez Gramatges&nbsp;&#8211; PUC-Rio Carlos G. Tamm de A. Moreira&nbsp;&#8211; IMPA Dan Marchesin&nbsp;&#8211; IMPA Daniel G. Alfaro Vigo&nbsp;&#8211; UFRJ Evert Slob&nbsp;&#8211; TU Delft, Holland Fatih Ozbag &#8211; Harran University, Turkey Jean Roche&nbsp;&#8211;&nbsp;University of Lorraine, &hellip;<\/p>\n<p class=\"read-more\"> <a class=\"\" href=\"http:\/\/lamap.ufjf.br\/grigori\/collaborations\/\"> <span class=\"screen-reader-text\">Collaborations<\/span> Leia mais &raquo;<\/a><\/p>\n","protected":false},"author":7,"featured_media":0,"parent":0,"menu_order":0,"comment_status":"closed","ping_status":"closed","template":"","meta":{"_uag_custom_page_level_css":"","site-sidebar-layout":"default","site-content-layout":"default","ast-global-header-display":"","ast-main-header-display":"","ast-hfb-above-header-display":"","ast-hfb-below-header-display":"","ast-hfb-mobile-header-display":"","site-post-title":"","ast-breadcrumbs-content":"","ast-featured-img":"","footer-sml-layout":"","theme-transparent-header-meta":"default","adv-header-id-meta":"","stick-header-meta":"","header-above-stick-meta":"","header-main-stick-meta":"","header-below-stick-meta":"","footnotes":""},"uagb_featured_image_src":{"full":false,"thumbnail":false,"medium":false,"medium_large":false,"large":false,"1536x1536":false,"2048x2048":false},"uagb_author_info":{"display_name":"grigorichapiro","author_link":"http:\/\/lamap.ufjf.br\/grigori\/author\/grigorichapiro\/"},"uagb_comment_info":0,"uagb_excerpt":"Colabora\u00e7\u00f5es Alexei A. Mailybaev&nbsp;&#8211; IMPA Amaury Alvarez Cruz&nbsp;&#8211; IMPA Angel E. Ramirez Gutierrez &#8211; UNI, Peru Aparecido Jesuino de Souza&nbsp;&#8211; UFPB Aurora P\u00e9rez Gramatges&nbsp;&#8211; PUC-Rio Carlos G. Tamm de A. Moreira&nbsp;&#8211; IMPA Dan Marchesin&nbsp;&#8211; IMPA Daniel G. Alfaro Vigo&nbsp;&#8211; UFRJ Evert Slob&nbsp;&#8211; TU Delft, Holland Fatih Ozbag &#8211; Harran University, Turkey Jean Roche&nbsp;&#8211;&nbsp;University of Lorraine,&hellip;","_links":{"self":[{"href":"http:\/\/lamap.ufjf.br\/grigori\/wp-json\/wp\/v2\/pages\/14"}],"collection":[{"href":"http:\/\/lamap.ufjf.br\/grigori\/wp-json\/wp\/v2\/pages"}],"about":[{"href":"http:\/\/lamap.ufjf.br\/grigori\/wp-json\/wp\/v2\/types\/page"}],"author":[{"embeddable":true,"href":"http:\/\/lamap.ufjf.br\/grigori\/wp-json\/wp\/v2\/users\/7"}],"replies":[{"embeddable":true,"href":"http:\/\/lamap.ufjf.br\/grigori\/wp-json\/wp\/v2\/comments?post=14"}],"version-history":[{"count":2,"href":"http:\/\/lamap.ufjf.br\/grigori\/wp-json\/wp\/v2\/pages\/14\/revisions"}],"predecessor-version":[{"id":82,"href":"http:\/\/lamap.ufjf.br\/grigori\/wp-json\/wp\/v2\/pages\/14\/revisions\/82"}],"wp:attachment":[{"href":"http:\/\/lamap.ufjf.br\/grigori\/wp-json\/wp\/v2\/media?parent=14"}],"curies":[{"name":"wp","href":"https:\/\/api.w.org\/{rel}","templated":true}]}}