{"id":239,"date":"2024-09-24T14:48:37","date_gmt":"2024-09-24T17:48:37","guid":{"rendered":"http:\/\/lamap.ufjf.br\/grigori\/?page_id=239"},"modified":"2024-11-05T11:14:23","modified_gmt":"2024-11-05T14:14:23","slug":"analise-i","status":"publish","type":"page","link":"http:\/\/lamap.ufjf.br\/grigori\/analise-i\/","title":{"rendered":"An\u00e1lise I"},"content":{"rendered":"\r\n<p id=\"block-f0687c7c-1569-4b27-9de2-d803a7fefb6b\">(2016, 2021, 2023)<\/p>\r\n\r\n\r\n\r\n<p id=\"block-f8aba5d4-6f0a-4a9f-9e8d-a948e6883751\">Bibliografia principal:<\/p>\r\n\r\n\r\n\r\n<ul id=\"block-7409f7ae-2d99-4c5d-a9bc-08c54c41bfe5\">\r\n<li>LIMA, E. L. . An\u00e1lise Real, vol. 1. Rio de Janeiro: IMPA (Cole\u00e7\u00e3o Matem\u00e1tica Universit\u00e1ria), 1989<\/li>\r\n\r\n\r\n\r\n<li>LIMA, E. L. . Curso de An\u00e1lise, vol. 1. Rio de Janeiro: IMPA, 1992<\/li>\r\n\r\n\r\n\r\n<li>RUDIN, W. . Princ\u00edpios de An\u00e1lise Matem\u00e1tica. Rio de Janeiro: Ao Livro T\u00e9cnico, 1973.<\/li>\r\n<\/ul>\r\n\r\n\r\n\r\n<h4 id=\"block-21b53ad6-a06c-49b2-9613-74b2c9ed9f42\" class=\"wp-block-heading\">Bibliografia complementar:<\/h4>\r\n\r\n\r\n\r\n<ul id=\"block-021c694f-23f9-4c5a-89cb-75aaefb94d7a\">\r\n<li>BARTLE, R. G. . Elementos de An\u00e1lise Real . Rio de Janeiro: Ed. Campus, 1983.<\/li>\r\n\r\n\r\n\r\n<li>FIGUEIREDO, D. G. . An\u00e1lise I. Rio de Janeiro: LTC, 1974.<\/li>\r\n<\/ul>\r\n\r\n\r\n\r\n<p>&nbsp;<\/p>\r\n\r\n\r\n\r\n<p>&nbsp;<\/p>\r\n\r\n\r\n\r\n<h4 id=\"block-ddc1ddb4-db17-48ef-b973-2f8adcfbcbf4\" class=\"wp-block-heading\">Listas de exerc\u00edcios: (todos os exerc\u00edcios dos livros 1 e 2 da bibliografia principal)<\/h4>\r\n\r\n\r\n\r\n<h4 id=\"block-6e15640f-16e6-4569-b55b-8165b3300f7d\" class=\"wp-block-heading\"><strong>Hor\u00e1rio de atendimento:\u00a0<\/strong>quartas feirasa \u00e0s 13:00 na sala de aula (mediante confirma\u00e7\u00e3o pr\u00e9via).<\/h4>\r\n\r\n\r\n\r\n<h4 id=\"block-68eaea14-ed3f-4b68-91ac-2fdce7bb1fe1\" class=\"wp-block-heading\">1\u00aa Avalia\u00e7\u00e3o (1\/3 da nota final):<\/h4>\r\n\r\n\r\n\r\n<ul id=\"block-d6ca892b-4503-4f3a-80f0-2b11950f5a4e\">\r\n<li><strong>Mat\u00e9ria:<\/strong>\u00a0<\/li>\r\n\r\n\r\n\r\n<li>1- N\u00fameros Reais, 2- Sequ\u00eancias de N\u00fameros Reais, 3- S\u00e9ries Num\u00e9ricas<\/li>\r\n\r\n\r\n\r\n<li><strong>1\u00aa chamada:\u00a0<\/strong>02\/10\/2023 (segunda) \u00e0s 08:00 na sala\u00a03108<\/li>\r\n<\/ul>\r\n\r\n\r\n\r\n<p>&nbsp;<\/p>\r\n\r\n\r\n\r\n<h4 id=\"block-e85666c6-f240-40eb-9437-5b80b91dd968\" class=\"wp-block-heading\">2\u00aa Avalia\u00e7\u00e3o (1\/3 da nota final):<\/h4>\r\n\r\n\r\n\r\n<div class=\"wp-block-group is-layout-constrained wp-block-group-is-layout-constrained\"><div class=\"wp-block-group__inner-container\">\r\n<ul id=\"block-22ef8b25-9f1b-4fc0-b003-655ab9a72bc7\">\r\n<li><strong>Mat\u00e9ria:<\/strong>\u00a03- S\u00e9ries Num\u00e9ricas, 4- Topologia da Reta<\/li>\r\n\r\n\r\n\r\n<li><strong>1\u00aa chamada:\u00a0<\/strong>01\/11\/2023 (quarta) \u00e0s 07:30 na sala\u00a03108<\/li>\r\n\r\n\r\n\r\n<li><strong>2\u00aa chamada:\u00a0<\/strong><\/li>\r\n<\/ul>\r\n<\/div><\/div>\r\n\r\n\r\n\r\n<p>&nbsp;<\/p>\r\n\r\n\r\n\r\n<p>&nbsp;<\/p>\r\n\r\n\r\n\r\n<p>&nbsp;<\/p>\r\n\r\n\r\n\r\n<p id=\"block-5b6058a2-14d5-4a81-87be-0d2ce8ff464d\"><strong>Aten\u00e7\u00e3o: n\u00e3o haver\u00e1 prova opcional!!!!<\/strong><\/p>\r\n\r\n\r\n\r\n<p>&nbsp;<\/p>\r\n\r\n\r\n\r\n<p id=\"block-981845c0-a6aa-4d1c-9c86-e94158b1906a\"><a class=\"rank-math-link\" href=\"http:\/\/grigori.impa.br\/site\/arquivos\/AL\/al_reuni.pdf\">Ementa do curso \u00c1lgebra Linear do reuni (mat158).<\/a><\/p>\r\n\r\n\r\n\r\n<p id=\"block-57d811ad-67b9-43ba-9663-1e6e7767f6ca\">Provas de 2010:\u00a0<a class=\"rank-math-link\" href=\"http:\/\/grigori.impa.br\/site\/arquivos\/AL\/2010\/TVC1_2010.pdf\">TVC1<\/a>,\u00a0<a href=\"http:\/\/grigori.impa.br\/site\/arquivos\/AL\/2010\/TVC1_2010_cham2.pdf\">TVC1 2\u00aa chamada<\/a>,\u00a0<a href=\"http:\/\/grigori.impa.br\/site\/arquivos\/AL\/2010\/TVC2_2010.pdf\">TVC2<\/a>,\u00a0<a href=\"http:\/\/grigori.impa.br\/site\/arquivos\/AL\/2010\/TVC2_2010_cham2.pdf\">TVC2 2\u00aa chamada<\/a>,\u00a0<a href=\"http:\/\/grigori.impa.br\/site\/arquivos\/AL\/2010\/TVC3_2010.pdf\">TVC3<\/a>,\u00a0<a href=\"http:\/\/grigori.impa.br\/site\/arquivos\/AL\/2010\/TVC3_2010_cham2.pdf\">TVC3 2\u00aa chamada<\/a>.<br \/>Provas de 2014 (turma especial):\u00a0<a href=\"http:\/\/grigori.impa.br\/site\/arquivos\/AL\/2014_2\/TVC1_gabarito.pdf\">TVC1<\/a>,\u00a0<a href=\"http:\/\/grigori.impa.br\/site\/arquivos\/AL\/2014_2\/TVC1ch2_gabarito.pdf\">TVC1 2\u00aa chamada<\/a>,\u00a0<a href=\"http:\/\/grigori.impa.br\/site\/arquivos\/AL\/2014_2\/TVC2_gabarito.pdf\">TVC2<\/a>,\u00a0<a href=\"http:\/\/grigori.impa.br\/site\/arquivos\/AL\/2014_2\/TVC2_2ch_gabarito.pdf\">TVC2 2\u00aa chamada<\/a>,\u00a0<a href=\"http:\/\/grigori.impa.br\/site\/arquivos\/AL\/2014_2\/TVC3_gabarito.pdf\">TVC3<\/a>,\u00a0<a href=\"http:\/\/grigori.impa.br\/site\/arquivos\/AL\/2014_2\/TVC3_2ch_gabarito.pdf\">TVC3 2\u00aa chamada<\/a>. \u00a0<br \/>Provas de 2015:\u00a0<a href=\"http:\/\/grigori.impa.br\/site\/arquivos\/AL\/2015_2\/TVC1.pdf\">TVC1<\/a>,\u00a0<a href=\"http:\/\/grigori.impa.br\/site\/arquivos\/AL\/2015_2\/TVC2.pdf\">TVC2<\/a>,\u00a0<a href=\"http:\/\/grigori.impa.br\/site\/arquivos\/AL\/2015_2\/TVC_2a_chamada.pdf\">TVCs 2\u00aa chamada<\/a>.<br \/>Provas de 2017\u00a0(turma especial):\u00a0<a href=\"https:\/\/grigori.impa.br\/data\/_uploaded\/Arquivos\/AL\/TVC1_2017.pdf\">TVC1<\/a>,\u00a0<a href=\"https:\/\/grigori.impa.br\/data\/_uploaded\/Arquivos\/AL\/TVC1_ch2_2017.pdf\">TVC1 2\u00aa chamada<\/a>,\u00a0<a href=\"https:\/\/grigori.impa.br\/data\/_uploaded\/Arquivos\/AL\/TVC2_2017.pdf\">TVC2<\/a>,\u00a0<a href=\"https:\/\/grigori.impa.br\/data\/_uploaded\/Arquivos\/AL\/TVC2_ch2_2017.pdf\">TVC2 2\u00aa chamada<\/a>.<br \/>Provas de 2018\u00a0(turma especial):\u00a0<a href=\"https:\/\/grigori.impa.br\/data\/_uploaded\/Arquivos\/AL\/TVC1_2018.pdf\">TVC1<\/a>,\u00a0<a href=\"https:\/\/grigori.impa.br\/data\/_uploaded\/Arquivos\/AL\/TVC1_ch2_2018.pdf\">TVC1 2\u00aa chamada<\/a><\/p>\r\n\r\n\r\n\r\n<p id=\"block-882b9b6c-0e28-464b-89a6-8cf47d9f39f4\"><a class=\"rank-math-link\" href=\"http:\/\/grigori.impa.br\/site\/arquivos\/AL\/AL%20mat112.pdf\">Ementa do curso \u00c1lgebra Linear (antiga)<\/a>\u00a0(MAT112)<br \/>Provas de 2009:\u00a0<a href=\"http:\/\/grigori.impa.br\/site\/arquivos\/AL\/2009\/Prova1.pdf\">TVC1<\/a>,\u00a0<a href=\"http:\/\/grigori.impa.br\/site\/arquivos\/AL\/2009\/Prova2.pdf\">TVC2<\/a>,\u00a0<a href=\"http:\/\/grigori.impa.br\/site\/arquivos\/AL\/2009\/Prova3.pdf\">TVC3<\/a>,\u00a0<a href=\"http:\/\/grigori.impa.br\/site\/arquivos\/AL\/2009\/Prova_opcional.pdf\">Opcional.<\/a> inhohoho<\/p>\r\n\r\n\r\n\r\n<p>&nbsp;<\/p>\r\n","protected":false},"excerpt":{"rendered":"<p>(2016, 2021, 2023) Bibliografia principal: Bibliografia complementar: &nbsp; &nbsp; Listas de exerc\u00edcios: (todos os exerc\u00edcios dos livros 1 e 2 da bibliografia principal) Hor\u00e1rio de atendimento:\u00a0quartas feirasa \u00e0s 13:00 na sala de aula (mediante confirma\u00e7\u00e3o pr\u00e9via). 1\u00aa Avalia\u00e7\u00e3o (1\/3 da nota final): &nbsp; 2\u00aa Avalia\u00e7\u00e3o (1\/3 da nota final): &nbsp; &nbsp; &nbsp; Aten\u00e7\u00e3o: n\u00e3o haver\u00e1 &hellip;<\/p>\n<p class=\"read-more\"> <a class=\"\" href=\"http:\/\/lamap.ufjf.br\/grigori\/analise-i\/\"> <span class=\"screen-reader-text\">An\u00e1lise I<\/span> Leia mais &raquo;<\/a><\/p>\n","protected":false},"author":2,"featured_media":0,"parent":0,"menu_order":0,"comment_status":"closed","ping_status":"closed","template":"","meta":{"_uag_custom_page_level_css":"","site-sidebar-layout":"default","site-content-layout":"default","ast-global-header-display":"","ast-main-header-display":"","ast-hfb-above-header-display":"","ast-hfb-below-header-display":"","ast-hfb-mobile-header-display":"","site-post-title":"","ast-breadcrumbs-content":"","ast-featured-img":"","footer-sml-layout":"","theme-transparent-header-meta":"default","adv-header-id-meta":"","stick-header-meta":"","header-above-stick-meta":"","header-main-stick-meta":"","header-below-stick-meta":"","footnotes":""},"uagb_featured_image_src":{"full":false,"thumbnail":false,"medium":false,"medium_large":false,"large":false,"1536x1536":false,"2048x2048":false},"uagb_author_info":{"display_name":"Grigori Chapiro","author_link":"http:\/\/lamap.ufjf.br\/grigori\/author\/grigori\/"},"uagb_comment_info":0,"uagb_excerpt":"(2016, 2021, 2023) Bibliografia principal: Bibliografia complementar: &nbsp; &nbsp; Listas de exerc\u00edcios: (todos os exerc\u00edcios dos livros 1 e 2 da bibliografia principal) Hor\u00e1rio de atendimento:\u00a0quartas feirasa \u00e0s 13:00 na sala de aula (mediante confirma\u00e7\u00e3o pr\u00e9via). 1\u00aa Avalia\u00e7\u00e3o (1\/3 da nota final): &nbsp; 2\u00aa Avalia\u00e7\u00e3o (1\/3 da nota final): &nbsp; &nbsp; &nbsp; Aten\u00e7\u00e3o: n\u00e3o haver\u00e1&hellip;","_links":{"self":[{"href":"http:\/\/lamap.ufjf.br\/grigori\/wp-json\/wp\/v2\/pages\/239"}],"collection":[{"href":"http:\/\/lamap.ufjf.br\/grigori\/wp-json\/wp\/v2\/pages"}],"about":[{"href":"http:\/\/lamap.ufjf.br\/grigori\/wp-json\/wp\/v2\/types\/page"}],"author":[{"embeddable":true,"href":"http:\/\/lamap.ufjf.br\/grigori\/wp-json\/wp\/v2\/users\/2"}],"replies":[{"embeddable":true,"href":"http:\/\/lamap.ufjf.br\/grigori\/wp-json\/wp\/v2\/comments?post=239"}],"version-history":[{"count":3,"href":"http:\/\/lamap.ufjf.br\/grigori\/wp-json\/wp\/v2\/pages\/239\/revisions"}],"predecessor-version":[{"id":257,"href":"http:\/\/lamap.ufjf.br\/grigori\/wp-json\/wp\/v2\/pages\/239\/revisions\/257"}],"wp:attachment":[{"href":"http:\/\/lamap.ufjf.br\/grigori\/wp-json\/wp\/v2\/media?parent=239"}],"curies":[{"name":"wp","href":"https:\/\/api.w.org\/{rel}","templated":true}]}}