{"id":30,"date":"2021-04-28T20:27:59","date_gmt":"2021-04-28T23:27:59","guid":{"rendered":"http:\/\/lamap.ufjf.br\/grigori\/?page_id=30"},"modified":"2021-04-28T20:37:48","modified_gmt":"2021-04-28T23:37:48","slug":"algebra-linear","status":"publish","type":"page","link":"http:\/\/lamap.ufjf.br\/grigori\/algebra-linear\/","title":{"rendered":"\u00c1lgebra Linear"},"content":{"rendered":"\n<p>(2009, 2010, 2014, 2015, 2017, 2018)<\/p>\n\n\n\n<p>Bibliografia principal:<\/p>\n\n\n\n<ul><li>Boldrini, J. L.&nbsp;<strong>\u00c1lgebra Linear.<\/strong>&nbsp;(3 Edi\u00e7\u00e3o) S\u00e3o Paulo: Harbra, 1986.<\/li><li>Andr\u00e9 A. Hallack (UFJF) e Frederico S. Feitosa (UFJF), Apostila&nbsp;<strong>Algebra Linear<\/strong>, 2006. (<a href=\"http:\/\/grigori.impa.br\/site\/arquivos\/AL\/Apostila_AH.pdf\">aqui<\/a>) ou (<a href=\"http:\/\/www.ufjf.br\/andre_hallack\/files\/2014\/02\/linear13.pdf\">aqui<\/a>)<\/li><li>Marco A.P. Cabral (UFRJ) e Paulo Goldfeld (UFRJ),&nbsp;<strong>Curso de \u00c1lgebra Linear<\/strong>, 2008. (<a href=\"http:\/\/grigori.impa.br\/site\/arquivos\/AL\/Apostila_Goldfeld.pdf\">aqui<\/a>) ou (<a href=\"http:\/\/www.labma.ufrj.br\/~goldfeld\/cursos\/2009.1\/AlgLin\/index.html\">aqui<\/a>)<\/li><\/ul>\n\n\n\n<h4 class=\"wp-block-heading\">Bibliografia complementar:<\/h4>\n\n\n\n<ul><li>Strang, G., \u00c1lgebra Linear e Suas Aplica\u00e7\u00f5es, Cengage, S\u00e3o Paulo, 2009.<\/li><li>Lima, E. L.,&nbsp;<strong>Algebra Linear<\/strong>, Cole\u00e7\u00e3o Matem\u00e1tica Universit\u00e1ria, IMPA, Rio de Janeiro.<\/li><\/ul>\n\n\n\n<h4 class=\"wp-block-heading\">Listas de exerc\u00edcios: (tiradas do livro-texto (Boldrini), numera\u00e7\u00e3o corresponde a&nbsp;3\u00aa edi\u00e7\u00e3o, alguns exerc\u00edcios tem resposta no livro)<\/h4>\n\n\n\n<ul><li>Matrizes.&nbsp;<a href=\"http:\/\/grigori.impa.br\/site\/arquivos\/AL\/Lista1.pdf\">Lista1<\/a>: 1-14.<\/li><li>Sistemas de Equa\u00e7\u00f5es Lineares.&nbsp;<a href=\"http:\/\/grigori.impa.br\/site\/arquivos\/AL\/Lista2.pdf\">Lista2<\/a>: 1-16, 19, 21.<\/li><li>Determinantes.&nbsp;<a href=\"http:\/\/grigori.impa.br\/site\/arquivos\/AL\/Lista3.pdf\">Lista3<\/a>: 3-7, 8a), 8c), 9a), 9c), 10, 12, 13-19, 21, 22a).<\/li><li>Espa\u00e7o vet\u00f3rial Rn.&nbsp;<a href=\"http:\/\/grigori.impa.br\/site\/arquivos\/AL\/Lista4a.pdf\">Lista4a<\/a>: 2-12, 15, 17-22, 24-35. Parte do produto interno:&nbsp;<a href=\"http:\/\/grigori.impa.br\/site\/arquivos\/AL\/lista_PI.pdf\">Lista 4b<\/a>.<\/li><li>Transforma\u00e7\u00f5es Lineares.&nbsp;<a href=\"http:\/\/grigori.impa.br\/site\/arquivos\/AL\/Lista5.pdf\">Lista5<\/a>: 1, 2(a,b,c,e,f), 3-7, 9-17, 19, 20, 23-25, 27, 28, (29 e 30 &#8211; dif\u00edceis).<\/li><li>Autovetores e Autovalores.&nbsp;<a href=\"http:\/\/grigori.impa.br\/site\/arquivos\/AL\/Lista6.pdf\">Lista6<\/a>: 1-5, 7-26.<\/li><li>Formas Can\u00f4nicas.&nbsp;<a href=\"http:\/\/grigori.impa.br\/site\/arquivos\/AL\/Lista7.pdf\">Lista7<\/a>: 1-9, (10 e 11) &#8211; dif\u00edceis, 14.<\/li><\/ul>\n\n\n\n<p><strong>Monitoria<\/strong>:&nbsp;<a href=\"https:\/\/grigori.impa.br\/data\/_uploaded\/Arquivos\/AL\/%C3%81LGEBRA%20LINEAR%20monitoria%202018.1.pdf\">AQUI<\/a><\/p>\n\n\n\n<p>Aula das informa\u00e7\u00f5es iniciais (TURMA ESPECIAL) foi no dia 15\/03\/2018 \u00e0s 13:00 na sala S304.&nbsp;foram definidos&nbsp;todos os hor\u00e1rios da disciplina.<\/p>\n\n\n\n<h4 class=\"wp-block-heading\">Avalia\u00e7\u00f5es semanais (20% da nota final) est\u00e3o no Moodle.<\/h4>\n\n\n\n<h4 class=\"wp-block-heading\"><strong>Hor\u00e1rio de atendimento:&nbsp;<\/strong>segundas feiras \u00e0s 08:30 na sala M417 (Departamento de Matem\u00e1tica) ou sala S404.<\/h4>\n\n\n\n<h4 class=\"wp-block-heading\">1\u00aa Avalia\u00e7\u00e3o presencial (40% da nota final):<\/h4>\n\n\n\n<ul><li><strong>Mat\u00e9ria:<\/strong>&nbsp;Sistemas de Equa\u00e7\u00f5es Lineares, Matrizes e Determinantes, Espa\u00e7o vetorial Rn, Transforma\u00e7\u00f5es Lineares (parte).<\/li><li><strong>1\u00aa chamada:&nbsp;<\/strong>23\/04\/2018 (segunda) \u00e0s 08:00 na sala&nbsp;S404<\/li><li><strong>2\u00aa chamada:&nbsp;<\/strong>07\/05\/2018 (segunda) \u00e0s 16:00 na sala&nbsp;S114.<\/li><\/ul>\n\n\n\n<h4 class=\"wp-block-heading\">2\u00aa Avalia\u00e7\u00e3o presencial (40% da nota final):<\/h4>\n\n\n\n<ul><li><strong>Mat\u00e9ria:<\/strong>&nbsp;Transforma\u00e7\u00f5es Lineares,&nbsp;Formas Can\u00f4nicas, Diagonaliza\u00e7\u00e3o.<\/li><li><strong>1\u00aa chamada:&nbsp;<\/strong>25\/06\/2018 (segunda) \u00e0s 08:00 na sala&nbsp;S404<\/li><li><strong>2\u00aa chamada:&nbsp;<\/strong>02\/07\/2018 (segunda) \u00e0s 16:00 na sala M2 (Segundo andar do pr\u00e9dio do Departamento de Matem\u00e1tica)<\/li><\/ul>\n\n\n\n<p><strong>Aten\u00e7\u00e3o: n\u00e3o haver\u00e1 prova opcional!!!!<\/strong><\/p>\n\n\n\n<p><a href=\"http:\/\/grigori.impa.br\/site\/arquivos\/AL\/al_reuni.pdf\">Ementa do curso \u00c1lgebra Linear do reuni (mat158).<\/a><\/p>\n\n\n\n<p>Provas de 2010:&nbsp;<a href=\"http:\/\/grigori.impa.br\/site\/arquivos\/AL\/2010\/TVC1_2010.pdf\">TVC1<\/a>,&nbsp;<a href=\"http:\/\/grigori.impa.br\/site\/arquivos\/AL\/2010\/TVC1_2010_cham2.pdf\">TVC1 2\u00aa chamada<\/a>,&nbsp;<a href=\"http:\/\/grigori.impa.br\/site\/arquivos\/AL\/2010\/TVC2_2010.pdf\">TVC2<\/a>,&nbsp;<a href=\"http:\/\/grigori.impa.br\/site\/arquivos\/AL\/2010\/TVC2_2010_cham2.pdf\">TVC2 2\u00aa chamada<\/a>,&nbsp;<a href=\"http:\/\/grigori.impa.br\/site\/arquivos\/AL\/2010\/TVC3_2010.pdf\">TVC3<\/a>,&nbsp;<a href=\"http:\/\/grigori.impa.br\/site\/arquivos\/AL\/2010\/TVC3_2010_cham2.pdf\">TVC3 2\u00aa chamada<\/a>.<br>Provas de 2014 (turma especial):&nbsp;<a href=\"http:\/\/grigori.impa.br\/site\/arquivos\/AL\/2014_2\/TVC1_gabarito.pdf\">TVC1<\/a>,&nbsp;<a href=\"http:\/\/grigori.impa.br\/site\/arquivos\/AL\/2014_2\/TVC1ch2_gabarito.pdf\">TVC1 2\u00aa chamada<\/a>,&nbsp;<a href=\"http:\/\/grigori.impa.br\/site\/arquivos\/AL\/2014_2\/TVC2_gabarito.pdf\">TVC2<\/a>,&nbsp;<a href=\"http:\/\/grigori.impa.br\/site\/arquivos\/AL\/2014_2\/TVC2_2ch_gabarito.pdf\">TVC2 2\u00aa chamada<\/a>,&nbsp;<a href=\"http:\/\/grigori.impa.br\/site\/arquivos\/AL\/2014_2\/TVC3_gabarito.pdf\">TVC3<\/a>,&nbsp;<a href=\"http:\/\/grigori.impa.br\/site\/arquivos\/AL\/2014_2\/TVC3_2ch_gabarito.pdf\">TVC3 2\u00aa chamada<\/a>. &nbsp;<br>Provas de 2015:&nbsp;<a href=\"http:\/\/grigori.impa.br\/site\/arquivos\/AL\/2015_2\/TVC1.pdf\">TVC1<\/a>,&nbsp;<a href=\"http:\/\/grigori.impa.br\/site\/arquivos\/AL\/2015_2\/TVC2.pdf\">TVC2<\/a>,&nbsp;<a href=\"http:\/\/grigori.impa.br\/site\/arquivos\/AL\/2015_2\/TVC_2a_chamada.pdf\">TVCs 2\u00aa chamada<\/a>.<br>Provas de 2017&nbsp;(turma especial):&nbsp;<a href=\"https:\/\/grigori.impa.br\/data\/_uploaded\/Arquivos\/AL\/TVC1_2017.pdf\">TVC1<\/a>,&nbsp;<a href=\"https:\/\/grigori.impa.br\/data\/_uploaded\/Arquivos\/AL\/TVC1_ch2_2017.pdf\">TVC1 2\u00aa chamada<\/a>,&nbsp;<a href=\"https:\/\/grigori.impa.br\/data\/_uploaded\/Arquivos\/AL\/TVC2_2017.pdf\">TVC2<\/a>,&nbsp;<a href=\"https:\/\/grigori.impa.br\/data\/_uploaded\/Arquivos\/AL\/TVC2_ch2_2017.pdf\">TVC2 2\u00aa chamada<\/a>.<br>Provas de 2018&nbsp;(turma especial):&nbsp;<a href=\"https:\/\/grigori.impa.br\/data\/_uploaded\/Arquivos\/AL\/TVC1_2018.pdf\">TVC1<\/a>,&nbsp;<a href=\"https:\/\/grigori.impa.br\/data\/_uploaded\/Arquivos\/AL\/TVC1_ch2_2018.pdf\">TVC1 2\u00aa chamada<\/a><\/p>\n\n\n\n<p><a href=\"http:\/\/grigori.impa.br\/site\/arquivos\/AL\/AL%20mat112.pdf\">Ementa do curso \u00c1lgebra Linear (antiga)<\/a>&nbsp;(MAT112)<br>Provas de 2009:&nbsp;<a href=\"http:\/\/grigori.impa.br\/site\/arquivos\/AL\/2009\/Prova1.pdf\">TVC1<\/a>,&nbsp;<a href=\"http:\/\/grigori.impa.br\/site\/arquivos\/AL\/2009\/Prova2.pdf\">TVC2<\/a>,&nbsp;<a href=\"http:\/\/grigori.impa.br\/site\/arquivos\/AL\/2009\/Prova3.pdf\">TVC3<\/a>,&nbsp;<a href=\"http:\/\/grigori.impa.br\/site\/arquivos\/AL\/2009\/Prova_opcional.pdf\">Opcional.<\/a><\/p>\n","protected":false},"excerpt":{"rendered":"<p>(2009, 2010, 2014, 2015, 2017, 2018) Bibliografia principal: Boldrini, J. L.&nbsp;\u00c1lgebra Linear.&nbsp;(3 Edi\u00e7\u00e3o) S\u00e3o Paulo: Harbra, 1986. Andr\u00e9 A. Hallack (UFJF) e Frederico S. Feitosa (UFJF), Apostila&nbsp;Algebra Linear, 2006. (aqui) ou (aqui) Marco A.P. Cabral (UFRJ) e Paulo Goldfeld (UFRJ),&nbsp;Curso de \u00c1lgebra Linear, 2008. (aqui) ou (aqui) Bibliografia complementar: Strang, G., \u00c1lgebra Linear e Suas &hellip;<\/p>\n<p class=\"read-more\"> <a class=\"\" href=\"http:\/\/lamap.ufjf.br\/grigori\/algebra-linear\/\"> <span class=\"screen-reader-text\">\u00c1lgebra Linear<\/span> Leia mais &raquo;<\/a><\/p>\n","protected":false},"author":7,"featured_media":0,"parent":0,"menu_order":0,"comment_status":"closed","ping_status":"closed","template":"","meta":{"_uag_custom_page_level_css":"","site-sidebar-layout":"default","site-content-layout":"default","ast-global-header-display":"","ast-main-header-display":"","ast-hfb-above-header-display":"","ast-hfb-below-header-display":"","ast-hfb-mobile-header-display":"","site-post-title":"","ast-breadcrumbs-content":"","ast-featured-img":"","footer-sml-layout":"","theme-transparent-header-meta":"default","adv-header-id-meta":"","stick-header-meta":"","header-above-stick-meta":"","header-main-stick-meta":"","header-below-stick-meta":"","footnotes":""},"uagb_featured_image_src":{"full":false,"thumbnail":false,"medium":false,"medium_large":false,"large":false,"1536x1536":false,"2048x2048":false},"uagb_author_info":{"display_name":"grigorichapiro","author_link":"http:\/\/lamap.ufjf.br\/grigori\/author\/grigorichapiro\/"},"uagb_comment_info":0,"uagb_excerpt":"(2009, 2010, 2014, 2015, 2017, 2018) Bibliografia principal: Boldrini, J. L.&nbsp;\u00c1lgebra Linear.&nbsp;(3 Edi\u00e7\u00e3o) S\u00e3o Paulo: Harbra, 1986. Andr\u00e9 A. Hallack (UFJF) e Frederico S. Feitosa (UFJF), Apostila&nbsp;Algebra Linear, 2006. (aqui) ou (aqui) Marco A.P. Cabral (UFRJ) e Paulo Goldfeld (UFRJ),&nbsp;Curso de \u00c1lgebra Linear, 2008. (aqui) ou (aqui) Bibliografia complementar: Strang, G., \u00c1lgebra Linear e Suas&hellip;","_links":{"self":[{"href":"http:\/\/lamap.ufjf.br\/grigori\/wp-json\/wp\/v2\/pages\/30"}],"collection":[{"href":"http:\/\/lamap.ufjf.br\/grigori\/wp-json\/wp\/v2\/pages"}],"about":[{"href":"http:\/\/lamap.ufjf.br\/grigori\/wp-json\/wp\/v2\/types\/page"}],"author":[{"embeddable":true,"href":"http:\/\/lamap.ufjf.br\/grigori\/wp-json\/wp\/v2\/users\/7"}],"replies":[{"embeddable":true,"href":"http:\/\/lamap.ufjf.br\/grigori\/wp-json\/wp\/v2\/comments?post=30"}],"version-history":[{"count":3,"href":"http:\/\/lamap.ufjf.br\/grigori\/wp-json\/wp\/v2\/pages\/30\/revisions"}],"predecessor-version":[{"id":72,"href":"http:\/\/lamap.ufjf.br\/grigori\/wp-json\/wp\/v2\/pages\/30\/revisions\/72"}],"wp:attachment":[{"href":"http:\/\/lamap.ufjf.br\/grigori\/wp-json\/wp\/v2\/media?parent=30"}],"curies":[{"name":"wp","href":"https:\/\/api.w.org\/{rel}","templated":true}]}}