{"id":32,"date":"2021-04-28T20:28:00","date_gmt":"2021-04-28T23:28:00","guid":{"rendered":"http:\/\/lamap.ufjf.br\/grigori\/?page_id=32"},"modified":"2021-05-04T17:05:13","modified_gmt":"2021-05-04T20:05:13","slug":"calculo-ii","status":"publish","type":"page","link":"http:\/\/lamap.ufjf.br\/grigori\/calculo-ii\/","title":{"rendered":"C\u00e1lculo II"},"content":{"rendered":"\n<p>(2010)<\/p>\n\n\n\n<p><a href=\"http:\/\/grigori.impa.br\/site\/arquivos\/C2\/calculo-ii-dm-reuni.pdf\">Ementa oficial do curso.<\/a><\/p>\n\n\n\n<h4 class=\"wp-block-heading\">Integra\u00e7\u00e3o de Fun\u00e7\u00f5es de uma Vari\u00e1vel, Aplica\u00e7\u00f5es da Integral Definida<\/h4>\n\n\n\n<ul><li>Lista de exerc\u00edcios:<\/li><li>TVC 1, 1\u00aa chamada:&nbsp;17\/09\/2010 \u00e0s 18:00<\/li><li>TVC 1, 2\u00aa chamada: 23\/09\/2010 \u00e0s 14:00<\/li><\/ul>\n\n\n\n<h4 class=\"wp-block-heading\">Superf\u00edcies no Espa\u00e7o,&nbsp;Fun\u00e7\u00f5es de V\u00e1rias Vari\u00e1veis<\/h4>\n\n\n\n<ul><li><a href=\"http:\/\/grigori.impa.br\/site\/arquivos\/C2\/C2_sup.pdf\">Apostila (em fase de melhoramento)<\/a><\/li><li>TVC 2, 1\u00aa chamada: 29\/10\/2010 \u00e0s 18:00<\/li><li>TVC 2, 2\u00aa chamada: 12\/11\/2010 \u00e0s 18:00<\/li><\/ul>\n\n\n\n<h4 class=\"wp-block-heading\">C\u00e1lculo de fun\u00e7\u00f5es de v\u00e1rias variaveis<\/h4>\n\n\n\n<ul><li>Lista de exerc\u00edcios:<\/li><li>TVC 3, 1\u00aa chamada:&nbsp;08\/10\/2010 \u00e0s 18:00<\/li><\/ul>\n\n\n\n<p>Prova Opcional: 10\/12\/2010 \u00e0s 18:00 (n\u00e3o tem segunda chamada da opcional)<\/p>\n\n\n\n<h4 class=\"wp-block-heading\">Bibliografia:<\/h4>\n\n\n\n<ul><li>Gon\u00e7alves, M.B., Flemming, D. M., C\u00e1lculo A, Pearson, 2007. (Livro Principal)<\/li><li>Gon\u00e7alves, M.B., Flemming, D. M., C\u00e1lculo B, Pearson, 2007. (Livro Principal)<\/li><li>Apostila.<\/li><\/ul>\n\n\n\n<p><\/p>\n","protected":false},"excerpt":{"rendered":"<p>(2010) Ementa oficial do curso. Integra\u00e7\u00e3o de Fun\u00e7\u00f5es de uma Vari\u00e1vel, Aplica\u00e7\u00f5es da Integral Definida Lista de exerc\u00edcios: TVC 1, 1\u00aa chamada:&nbsp;17\/09\/2010 \u00e0s 18:00 TVC 1, 2\u00aa chamada: 23\/09\/2010 \u00e0s 14:00 Superf\u00edcies no Espa\u00e7o,&nbsp;Fun\u00e7\u00f5es de V\u00e1rias Vari\u00e1veis Apostila (em fase de melhoramento) TVC 2, 1\u00aa chamada: 29\/10\/2010 \u00e0s 18:00 TVC 2, 2\u00aa chamada: 12\/11\/2010 \u00e0s &hellip;<\/p>\n<p class=\"read-more\"> <a class=\"\" href=\"http:\/\/lamap.ufjf.br\/grigori\/calculo-ii\/\"> <span class=\"screen-reader-text\">C\u00e1lculo II<\/span> Leia mais &raquo;<\/a><\/p>\n","protected":false},"author":7,"featured_media":0,"parent":0,"menu_order":0,"comment_status":"closed","ping_status":"closed","template":"","meta":{"_uag_custom_page_level_css":"","site-sidebar-layout":"default","site-content-layout":"default","ast-global-header-display":"","ast-main-header-display":"","ast-hfb-above-header-display":"","ast-hfb-below-header-display":"","ast-hfb-mobile-header-display":"","site-post-title":"","ast-breadcrumbs-content":"","ast-featured-img":"","footer-sml-layout":"","theme-transparent-header-meta":"default","adv-header-id-meta":"","stick-header-meta":"","header-above-stick-meta":"","header-main-stick-meta":"","header-below-stick-meta":"","footnotes":""},"uagb_featured_image_src":{"full":false,"thumbnail":false,"medium":false,"medium_large":false,"large":false,"1536x1536":false,"2048x2048":false},"uagb_author_info":{"display_name":"grigorichapiro","author_link":"http:\/\/lamap.ufjf.br\/grigori\/author\/grigorichapiro\/"},"uagb_comment_info":0,"uagb_excerpt":"(2010) Ementa oficial do curso. Integra\u00e7\u00e3o de Fun\u00e7\u00f5es de uma Vari\u00e1vel, Aplica\u00e7\u00f5es da Integral Definida Lista de exerc\u00edcios: TVC 1, 1\u00aa chamada:&nbsp;17\/09\/2010 \u00e0s 18:00 TVC 1, 2\u00aa chamada: 23\/09\/2010 \u00e0s 14:00 Superf\u00edcies no Espa\u00e7o,&nbsp;Fun\u00e7\u00f5es de V\u00e1rias Vari\u00e1veis Apostila (em fase de melhoramento) TVC 2, 1\u00aa chamada: 29\/10\/2010 \u00e0s 18:00 TVC 2, 2\u00aa chamada: 12\/11\/2010 \u00e0s&hellip;","_links":{"self":[{"href":"http:\/\/lamap.ufjf.br\/grigori\/wp-json\/wp\/v2\/pages\/32"}],"collection":[{"href":"http:\/\/lamap.ufjf.br\/grigori\/wp-json\/wp\/v2\/pages"}],"about":[{"href":"http:\/\/lamap.ufjf.br\/grigori\/wp-json\/wp\/v2\/types\/page"}],"author":[{"embeddable":true,"href":"http:\/\/lamap.ufjf.br\/grigori\/wp-json\/wp\/v2\/users\/7"}],"replies":[{"embeddable":true,"href":"http:\/\/lamap.ufjf.br\/grigori\/wp-json\/wp\/v2\/comments?post=32"}],"version-history":[{"count":4,"href":"http:\/\/lamap.ufjf.br\/grigori\/wp-json\/wp\/v2\/pages\/32\/revisions"}],"predecessor-version":[{"id":126,"href":"http:\/\/lamap.ufjf.br\/grigori\/wp-json\/wp\/v2\/pages\/32\/revisions\/126"}],"wp:attachment":[{"href":"http:\/\/lamap.ufjf.br\/grigori\/wp-json\/wp\/v2\/media?parent=32"}],"curies":[{"name":"wp","href":"https:\/\/api.w.org\/{rel}","templated":true}]}}