{"id":34,"date":"2021-04-28T20:28:00","date_gmt":"2021-04-28T23:28:00","guid":{"rendered":"http:\/\/lamap.ufjf.br\/grigori\/?page_id=34"},"modified":"2021-04-28T20:41:06","modified_gmt":"2021-04-28T23:41:06","slug":"calculo-iv","status":"publish","type":"page","link":"http:\/\/lamap.ufjf.br\/grigori\/calculo-iv\/","title":{"rendered":"C\u00e1lculo IV"},"content":{"rendered":"\n<p>(2009\/1 e 2009\/2)<\/p>\n\n\n\n<p><a href=\"http:\/\/grigori.impa.br\/site\/arquivos\/C4\/clculoIV_1o2006.pdf\">Ementa oficial do curso.<\/a><\/p>\n\n\n\n<h4 class=\"wp-block-heading\">C\u00e1lculo de uma vari\u00e1vel complexa:<\/h4>\n\n\n\n<ul><li>Lista de exerc\u00edcios:&nbsp;<a href=\"http:\/\/grigori.impa.br\/site\/arquivos\/C4\/ListaVC.pdf\">1\u00aa&nbsp;lista<\/a><\/li><li>Prova: 06 de Outubro.<\/li><\/ul>\n\n\n\n<h4 class=\"wp-block-heading\">S\u00e9ries de Fourier:<\/h4>\n\n\n\n<ul><li>Lista de exerc\u00edcios:&nbsp;<a href=\"http:\/\/grigori.impa.br\/site\/arquivos\/C4\/ListaSF.pdf\">2\u00aa lista<\/a><\/li><li>Prova: 10 de Novembro, 08:00 na sala de aula.<\/li><li>Texto sobre M\u00fasica e S\u00e9ries de Fourier escrito pelo<br>Prof.&nbsp;<strong>Eduardo Henrique de Mattos Brietzke<\/strong>&nbsp;da UFRGS (<a href=\"http:\/\/grigori.impa.br\/site\/arquivos\/C4\/music.pdf\">aqui<\/a>).<\/li><\/ul>\n\n\n\n<h4 class=\"wp-block-heading\">Transformada de Laplace:<\/h4>\n\n\n\n<ul><li>Lista de exerc\u00edcios:&nbsp;<a href=\"http:\/\/grigori.impa.br\/site\/arquivos\/C4\/ListaTL.pdf\">3\u00aa lista<\/a><\/li><li>Prova: 10 de Dezembro, 07:40 na sala de aula.<\/li><\/ul>\n\n\n\n<h4 class=\"wp-block-heading\">Prova opcional.<\/h4>\n\n\n\n<ul><li>Mat\u00e9ria:&nbsp;<strong>toda.<\/strong><\/li><li>Nota: substitui a menor nota.<\/li><li>14 de Dezembro (segunda feira), 08:00 na sala de aula.<\/li><\/ul>\n\n\n\n<p>Provas do primeiro semestre de 2009.<\/p>\n\n\n\n<ul><li><a href=\"http:\/\/grigori.impa.br\/site\/arquivos\/C4\/TVC1_2009_1.pdf\">TVC1<\/a>;&nbsp;<a href=\"http:\/\/grigori.impa.br\/site\/arquivos\/C4\/TVC2_2009_1.pdf\">TVC2<\/a>;&nbsp;<a href=\"http:\/\/grigori.impa.br\/site\/arquivos\/C4\/TVC3_2009_1.pdf\">TVC3<\/a>;&nbsp;<a href=\"http:\/\/grigori.impa.br\/site\/arquivos\/C4\/TVC4_2009_1.pdf\">Opcional<\/a>.<\/li><\/ul>\n\n\n\n<h4 class=\"wp-block-heading\">Provas do segundo semestre de 2009.<\/h4>\n\n\n\n<ul><li><a href=\"http:\/\/grigori.impa.br\/site\/arquivos\/C4\/TVC1_2009_2.pdf\">TVC1<\/a>;&nbsp;<a href=\"http:\/\/grigori.impa.br\/site\/arquivos\/C4\/TVC2_2009_2.pdf\">TVC2<\/a>;<\/li><\/ul>\n","protected":false},"excerpt":{"rendered":"<p>(2009\/1 e 2009\/2) Ementa oficial do curso. C\u00e1lculo de uma vari\u00e1vel complexa: Lista de exerc\u00edcios:&nbsp;1\u00aa&nbsp;lista Prova: 06 de Outubro. S\u00e9ries de Fourier: Lista de exerc\u00edcios:&nbsp;2\u00aa lista Prova: 10 de Novembro, 08:00 na sala de aula. Texto sobre M\u00fasica e S\u00e9ries de Fourier escrito peloProf.&nbsp;Eduardo Henrique de Mattos Brietzke&nbsp;da UFRGS (aqui). Transformada de Laplace: Lista de &hellip;<\/p>\n<p class=\"read-more\"> <a class=\"\" href=\"http:\/\/lamap.ufjf.br\/grigori\/calculo-iv\/\"> <span class=\"screen-reader-text\">C\u00e1lculo IV<\/span> Leia mais &raquo;<\/a><\/p>\n","protected":false},"author":7,"featured_media":0,"parent":0,"menu_order":0,"comment_status":"closed","ping_status":"closed","template":"","meta":{"_uag_custom_page_level_css":"","site-sidebar-layout":"default","site-content-layout":"default","ast-global-header-display":"","ast-main-header-display":"","ast-hfb-above-header-display":"","ast-hfb-below-header-display":"","ast-hfb-mobile-header-display":"","site-post-title":"","ast-breadcrumbs-content":"","ast-featured-img":"","footer-sml-layout":"","theme-transparent-header-meta":"default","adv-header-id-meta":"","stick-header-meta":"","header-above-stick-meta":"","header-main-stick-meta":"","header-below-stick-meta":"","footnotes":""},"uagb_featured_image_src":{"full":false,"thumbnail":false,"medium":false,"medium_large":false,"large":false,"1536x1536":false,"2048x2048":false},"uagb_author_info":{"display_name":"grigorichapiro","author_link":"http:\/\/lamap.ufjf.br\/grigori\/author\/grigorichapiro\/"},"uagb_comment_info":0,"uagb_excerpt":"(2009\/1 e 2009\/2) Ementa oficial do curso. C\u00e1lculo de uma vari\u00e1vel complexa: Lista de exerc\u00edcios:&nbsp;1\u00aa&nbsp;lista Prova: 06 de Outubro. S\u00e9ries de Fourier: Lista de exerc\u00edcios:&nbsp;2\u00aa lista Prova: 10 de Novembro, 08:00 na sala de aula. Texto sobre M\u00fasica e S\u00e9ries de Fourier escrito peloProf.&nbsp;Eduardo Henrique de Mattos Brietzke&nbsp;da UFRGS (aqui). Transformada de Laplace: Lista de&hellip;","_links":{"self":[{"href":"http:\/\/lamap.ufjf.br\/grigori\/wp-json\/wp\/v2\/pages\/34"}],"collection":[{"href":"http:\/\/lamap.ufjf.br\/grigori\/wp-json\/wp\/v2\/pages"}],"about":[{"href":"http:\/\/lamap.ufjf.br\/grigori\/wp-json\/wp\/v2\/types\/page"}],"author":[{"embeddable":true,"href":"http:\/\/lamap.ufjf.br\/grigori\/wp-json\/wp\/v2\/users\/7"}],"replies":[{"embeddable":true,"href":"http:\/\/lamap.ufjf.br\/grigori\/wp-json\/wp\/v2\/comments?post=34"}],"version-history":[{"count":3,"href":"http:\/\/lamap.ufjf.br\/grigori\/wp-json\/wp\/v2\/pages\/34\/revisions"}],"predecessor-version":[{"id":78,"href":"http:\/\/lamap.ufjf.br\/grigori\/wp-json\/wp\/v2\/pages\/34\/revisions\/78"}],"wp:attachment":[{"href":"http:\/\/lamap.ufjf.br\/grigori\/wp-json\/wp\/v2\/media?parent=34"}],"curies":[{"name":"wp","href":"https:\/\/api.w.org\/{rel}","templated":true}]}}