{"id":35,"date":"2021-04-28T20:28:00","date_gmt":"2021-04-28T23:28:00","guid":{"rendered":"http:\/\/lamap.ufjf.br\/grigori\/?page_id=35"},"modified":"2021-04-28T20:41:49","modified_gmt":"2021-04-28T23:41:49","slug":"equacoes-diferenciais-i","status":"publish","type":"page","link":"http:\/\/lamap.ufjf.br\/grigori\/equacoes-diferenciais-i\/","title":{"rendered":"Equa\u00e7\u00f5es Diferenciais I"},"content":{"rendered":"\n<p>(2012, 2017, 2018, 2020)<\/p>\n\n\n\n<h3 class=\"wp-block-heading\"><strong>Ementa do Curso<\/strong><\/h3>\n\n\n\n<p>Parte 1. Seq\u00fc\u00eancias e S\u00e9ries de N\u00fameros Reais<\/p>\n\n\n\n<ul><li>Prof. Sadao Massago,&nbsp;<a href=\"http:\/\/www.dm.ufscar.br\/~sadao\/download\/?file=student\/sequencias-e-series.pdf\">&#8220;<em>Sequ\u00eancias e S\u00e9ries<\/em>&#8220;<\/a>&nbsp;(Apostila).<\/li><li><a href=\"http:\/\/www.ime.uerj.br\/~calculo\/reposit\/complementos1.pdf\">Apostila UERJ<\/a><\/li><\/ul>\n\n\n\n<p>Parte 2.&nbsp;<em>Introdu\u00e7\u00e3o \u00e0s Equa\u00e7\u00f5es Diferenciais, Equa\u00e7\u00f5es Diferenciais Ordin\u00e1rias de 1\u00aa Ordem, Equa\u00e7\u00f5es Diferenciais Ordin\u00e1rias Lineares de 2\u00aa Ordem, Solu\u00e7\u00f5es em S\u00e9rie para Equa\u00e7\u00f5es Diferenciais Ordin\u00e1rias Lineares de 2\u00aa Ordem<\/em><\/p>\n\n\n\n<ul><li>BOYCE, W. E. &amp; DI PRIMA, R. C. Equa\u00e7\u00f5es Diferenciais Elementares e Problemas de Valores de Contorno. Rio&nbsp;de Janeiro: LTC, 2006.<br>Slides:<a href=\"http:\/\/grigori.impa.br\/site\/arquivos\/MetMat\/s1.pdf\">Cap\u00edtulo 1<\/a>,&nbsp;<a href=\"http:\/\/grigori.impa.br\/site\/arquivos\/MetMat\/s2.pdf\">Cap\u00edtulo 2<\/a>,&nbsp;<a href=\"http:\/\/grigori.impa.br\/site\/arquivos\/MetMat\/s3.pdf\">Cap\u00edtulo 3<\/a>,&nbsp;<a href=\"http:\/\/grigori.impa.br\/site\/arquivos\/MetMat\/s4.pdf\">Cap\u00edtulo 4.<\/a><\/li><li>Ulysses Sodr\u00e9, &#8220;Equa\u00e7\u00f5es Diferenciais Ordin\u00e1rias&#8221;, &#8220;Transformadas de Laplace&#8221;.&nbsp;(Procurar no Google, ou&nbsp;<a href=\"http:\/\/manthanos.blogspot.com.br\/2011\/02\/links-interessantes-livros-matematicos.html\">aqui<\/a>)<\/li><li>Reginaldo J. Santos (UFMG), &#8220;Introdu\u00e7\u00e3o as equa\u00e7\u00f5es diferenciais ordin\u00e1rias&#8221;. (<a href=\"https:\/\/regijs.github.io\/\">link<\/a>)<\/li><li>Recomendo o&nbsp;<a href=\"https:\/\/www.youtube.com\/channel\/UC6TTtp9Hdx7GUz0OjrVg1_Q\/playlists?sort=dd&amp;view=50&amp;shelf_id=3\">canal<\/a>&nbsp;do colega Prof. Renan Lima do ITA sobre EDOs.<\/li><\/ul>\n\n\n\n<h3 class=\"wp-block-heading\"><strong>Informa\u00e7\u00f5es Importantes&nbsp;do Curso<\/strong><\/h3>\n\n\n\n<p>Aula das informa\u00e7\u00f5es iniciais (TURMA ESPECIAL) foi realizada no dia&nbsp;16\/03\/2020&nbsp;\u00e0s 13:00 na sala S401.&nbsp;Nesta aula foram&nbsp;marcados os hor\u00e1rios das provas e atendimento. (Tr\u00eas hor\u00e1rios poss\u00edveis: Quartas e Sextras as 16:00, Segundas as 08:00).<\/p>\n\n\n\n<p>Ontem o&nbsp;Conselho Setorial de Gradua\u00e7\u00e3o (Congrad) da Universidade Federal de Juiz de Fora (UFJF) publicou a&nbsp;<a href=\"https:\/\/www2.ufjf.br\/congrad\/resolucoes\/consulta-as-resolucoes\/resolucoes-2018-20\/resolucoes-2020\/\" rel=\"noreferrer noopener\" target=\"_blank\">Resolu\u00e7\u00e3o n\u00ba 23\/2020<\/a>&nbsp;que suspende, por tempo indeterminado, o calend\u00e1rio acad\u00eamico a partir desta quarta-feira, 25. A suspens\u00e3o ser\u00e1 aplicada em todos os cursos de gradua\u00e7\u00e3o, presenciais e a dist\u00e2ncia da UFJF. Portanto temos que suspender o curso at\u00e9 que o Congrad volte com o calend\u00e1rio.&nbsp;<\/p>\n\n\n\n<p id=\"yui_3_17_2_1_1585144202721_336\">Neste meio tempo eu sugiro que todos continuem estudando para n\u00e3o perder o tempo. Estou a disposi\u00e7\u00e3o para quaisquer d\u00favidas.<\/p>\n\n\n\n<p>Temos ajuda de monitores nos seguintes&nbsp;<strong><a href=\"https:\/\/grigori.impa.br\/data\/_uploaded\/Arquivos\/ED1\/EQUA%C3%87%C3%95ES%20DIFERENCIAIS%20I%20monitoria%202018.1.pdf\">hor\u00e1rios<\/a>.<\/strong><\/p>\n\n\n\n<p>Atendimento semanal: toda quarta feira \u00e0s ??:00 na sala ???? (Departamento de Matem\u00e1tica) ou na sala<strong>&nbsp;???&nbsp;<\/strong>(dependendo da quantidade de pessoas).<\/p>\n\n\n\n<h3 class=\"wp-block-heading\"><strong>Sobre as avalia\u00e7\u00f5es<\/strong><\/h3>\n\n\n\n<h5 class=\"wp-block-heading\">Avalia\u00e7\u00f5es semanais no Moodle&nbsp;(20% da nota final)<\/h5>\n\n\n\n<ul><li><strong>Mat\u00e9ria:<\/strong>&nbsp;TODA. Incluindo:&nbsp;<em>Sequ\u00eancias e S\u00e9ries de N\u00fameros Reais. S\u00e9ries de Fun\u00e7\u00f5es<\/em><\/li><li><strong>Listas (Profa. Joana):<\/strong><em>&nbsp;<a href=\"http:\/\/grigori.impa.br\/site\/arquivos\/ED1\/exercicios_seq_1.pdf\">Sequ\u00eancias<\/a>,&nbsp;<a href=\"http:\/\/grigori.impa.br\/site\/arquivos\/ED1\/exercicios_series.pdf\">S\u00e9ries<\/a>,&nbsp;<a href=\"http:\/\/grigori.impa.br\/site\/arquivos\/ED1\/exercicios_series_funcoes.pdf\">S\u00e9ries de Fun\u00e7\u00f5es<\/a>.<\/em><\/li><li>Se voc\u00ea n\u00e3o consegue acessar a plataforma, me&nbsp;procure com urg\u00eancia!<\/li><\/ul>\n\n\n\n<h5 class=\"wp-block-heading\">1\u00aa Avalia\u00e7\u00e3o (40% da nota final):<\/h5>\n\n\n\n<ul><li><strong>Mat\u00e9ria:<\/strong>&nbsp;<em>Introdu\u00e7\u00e3o \u00e0s Equa\u00e7\u00f5es Diferenciais, Equa\u00e7\u00f5es Diferenciais Ordin\u00e1rias de 1\u00aa Ordem.<\/em><\/li><li><strong>1\u00aa Chamada: 13-17<\/strong>\/04\/2020 (sexta) \u00e0s ??:00 na sala ??<\/li><li><strong>2\u00aa Chamada:&nbsp;<\/strong><strong>??<\/strong>\/??\/2020 (quarta) \u00e0s ??:00 na sala ??<\/li><\/ul>\n\n\n\n<h5 class=\"wp-block-heading\">2\u00aa Avalia\u00e7\u00e3o (40% da nota final):<\/h5>\n\n\n\n<ul><li><strong>Mat\u00e9ria:<\/strong>&nbsp;<em>Equa\u00e7\u00f5es Diferenciais Ordin\u00e1rias Lineares de 2\u00aa Ordem, Solu\u00e7\u00f5es em S\u00e9rie para Equa\u00e7\u00f5es Diferenciais Ordin\u00e1rias Lineares de 2\u00aa Ordem.<\/em><\/li><li><strong>1\u00aa Chamada: 25-29<\/strong>\/05\/2020<strong>&nbsp;()&nbsp;\u00e0s ??:00 nas sala&nbsp;??.<\/strong><\/li><li><strong>2\u00aa Chamada: ??<\/strong>\/??\/2020<strong>&nbsp;() \u00e0s ??:00 na sala ??.<\/strong><\/li><\/ul>\n\n\n\n<h4 class=\"wp-block-heading\">N\u00e3o haver\u00e1 opcional!<\/h4>\n\n\n\n<h4 class=\"wp-block-heading\">Avalia\u00e7\u00f5es antigas:<\/h4>\n\n\n\n<ul><li>Provas de 2012:&nbsp;<a href=\"https:\/\/grigori.impa.br\/data\/_uploaded\/Arquivos\/ED1\/prova_equadif_1.pdf\">TVC1<\/a>,&nbsp;<a href=\"https:\/\/grigori.impa.br\/data\/_uploaded\/Arquivos\/ED1\/prova_equadif_1_2.pdf\">TVC1 2\u00aa chamada<\/a>,&nbsp;<a href=\"https:\/\/grigori.impa.br\/data\/_uploaded\/Arquivos\/ED1\/prova_equadif_2.pdf\">TVC2<\/a>,&nbsp;<a href=\"https:\/\/grigori.impa.br\/data\/_uploaded\/Arquivos\/ED1\/prova_equadif_2_2.pdf\">TVC2 2\u00aa chamada<\/a>,&nbsp;<a href=\"https:\/\/grigori.impa.br\/data\/_uploaded\/Arquivos\/ED1\/prova_equadif_3_1.pdf\">TVC3<\/a>,&nbsp;<a href=\"https:\/\/grigori.impa.br\/data\/_uploaded\/Arquivos\/ED1\/prova_equadif_3_2.pdf\">TVC3 2\u00aa chamada<\/a><\/li><li>Provas de 2017:&nbsp;<a href=\"https:\/\/grigori.impa.br\/data\/_uploaded\/Arquivos\/ED1\/Prova1_2017.pdf\">TVC1<\/a>,&nbsp;<a href=\"https:\/\/grigori.impa.br\/data\/_uploaded\/Arquivos\/ED1\/Prova1_ch2_2017.pdf\">TVC1 2\u00aa chamada<\/a>,&nbsp;<a href=\"https:\/\/grigori.impa.br\/data\/_uploaded\/Arquivos\/ED1\/Prova2_2017.pdf\">TVC2<\/a>,&nbsp;<a href=\"https:\/\/grigori.impa.br\/data\/_uploaded\/Arquivos\/ED1\/Prova2_ch2_2017.pdf\">TVC2 2\u00aa chamada<\/a>.<\/li><li>Provas de 2018:&nbsp;<a href=\"https:\/\/grigori.impa.br\/data\/_uploaded\/Arquivos\/ED1\/TVC1_ED1_crit%202018_1.pdf\">TVC1<\/a>,&nbsp;<a href=\"https:\/\/grigori.impa.br\/data\/_uploaded\/Arquivos\/ED1\/TVC1_ED1_ch2_crit_2018.pdf\">TVC1 2\u00aa chamada<\/a>,&nbsp;<a href=\"https:\/\/grigori.impa.br\/data\/_uploaded\/Arquivos\/ED1\/TVC2_ED1_2018_ch1.pdf\">TVC2<\/a>,&nbsp;<a href=\"https:\/\/grigori.impa.br\/data\/_uploaded\/Arquivos\/ED1\/TVC2_ED1_2018_ch2.pdf\">TVC2 2\u00aa chamada<\/a>.<\/li><\/ul>\n\n\n\n<p><\/p>\n","protected":false},"excerpt":{"rendered":"<p>(2012, 2017, 2018, 2020) Ementa do Curso Parte 1. Seq\u00fc\u00eancias e S\u00e9ries de N\u00fameros Reais Prof. Sadao Massago,&nbsp;&#8220;Sequ\u00eancias e S\u00e9ries&#8220;&nbsp;(Apostila). Apostila UERJ Parte 2.&nbsp;Introdu\u00e7\u00e3o \u00e0s Equa\u00e7\u00f5es Diferenciais, Equa\u00e7\u00f5es Diferenciais Ordin\u00e1rias de 1\u00aa Ordem, Equa\u00e7\u00f5es Diferenciais Ordin\u00e1rias Lineares de 2\u00aa Ordem, Solu\u00e7\u00f5es em S\u00e9rie para Equa\u00e7\u00f5es Diferenciais Ordin\u00e1rias Lineares de 2\u00aa Ordem BOYCE, W. E. &amp; &hellip;<\/p>\n<p class=\"read-more\"> <a class=\"\" href=\"http:\/\/lamap.ufjf.br\/grigori\/equacoes-diferenciais-i\/\"> <span class=\"screen-reader-text\">Equa\u00e7\u00f5es Diferenciais I<\/span> Leia mais &raquo;<\/a><\/p>\n","protected":false},"author":7,"featured_media":0,"parent":0,"menu_order":0,"comment_status":"closed","ping_status":"closed","template":"","meta":{"_uag_custom_page_level_css":"","site-sidebar-layout":"default","site-content-layout":"default","ast-global-header-display":"","ast-main-header-display":"","ast-hfb-above-header-display":"","ast-hfb-below-header-display":"","ast-hfb-mobile-header-display":"","site-post-title":"","ast-breadcrumbs-content":"","ast-featured-img":"","footer-sml-layout":"","theme-transparent-header-meta":"default","adv-header-id-meta":"","stick-header-meta":"","header-above-stick-meta":"","header-main-stick-meta":"","header-below-stick-meta":"","footnotes":""},"uagb_featured_image_src":{"full":false,"thumbnail":false,"medium":false,"medium_large":false,"large":false,"1536x1536":false,"2048x2048":false},"uagb_author_info":{"display_name":"grigorichapiro","author_link":"http:\/\/lamap.ufjf.br\/grigori\/author\/grigorichapiro\/"},"uagb_comment_info":0,"uagb_excerpt":"(2012, 2017, 2018, 2020) Ementa do Curso Parte 1. Seq\u00fc\u00eancias e S\u00e9ries de N\u00fameros Reais Prof. Sadao Massago,&nbsp;&#8220;Sequ\u00eancias e S\u00e9ries&#8220;&nbsp;(Apostila). Apostila UERJ Parte 2.&nbsp;Introdu\u00e7\u00e3o \u00e0s Equa\u00e7\u00f5es Diferenciais, Equa\u00e7\u00f5es Diferenciais Ordin\u00e1rias de 1\u00aa Ordem, Equa\u00e7\u00f5es Diferenciais Ordin\u00e1rias Lineares de 2\u00aa Ordem, Solu\u00e7\u00f5es em S\u00e9rie para Equa\u00e7\u00f5es Diferenciais Ordin\u00e1rias Lineares de 2\u00aa Ordem BOYCE, W. E. &amp;&hellip;","_links":{"self":[{"href":"http:\/\/lamap.ufjf.br\/grigori\/wp-json\/wp\/v2\/pages\/35"}],"collection":[{"href":"http:\/\/lamap.ufjf.br\/grigori\/wp-json\/wp\/v2\/pages"}],"about":[{"href":"http:\/\/lamap.ufjf.br\/grigori\/wp-json\/wp\/v2\/types\/page"}],"author":[{"embeddable":true,"href":"http:\/\/lamap.ufjf.br\/grigori\/wp-json\/wp\/v2\/users\/7"}],"replies":[{"embeddable":true,"href":"http:\/\/lamap.ufjf.br\/grigori\/wp-json\/wp\/v2\/comments?post=35"}],"version-history":[{"count":2,"href":"http:\/\/lamap.ufjf.br\/grigori\/wp-json\/wp\/v2\/pages\/35\/revisions"}],"predecessor-version":[{"id":79,"href":"http:\/\/lamap.ufjf.br\/grigori\/wp-json\/wp\/v2\/pages\/35\/revisions\/79"}],"wp:attachment":[{"href":"http:\/\/lamap.ufjf.br\/grigori\/wp-json\/wp\/v2\/media?parent=35"}],"curies":[{"name":"wp","href":"https:\/\/api.w.org\/{rel}","templated":true}]}}