{"id":36,"date":"2021-04-28T20:28:00","date_gmt":"2021-04-28T23:28:00","guid":{"rendered":"http:\/\/lamap.ufjf.br\/grigori\/?page_id=36"},"modified":"2021-04-28T20:43:19","modified_gmt":"2021-04-28T23:43:19","slug":"equacoes-diferenciais-ordinarias","status":"publish","type":"page","link":"http:\/\/lamap.ufjf.br\/grigori\/equacoes-diferenciais-ordinarias\/","title":{"rendered":"Equa\u00e7\u00f5es Diferenciais Ordin\u00e1rias"},"content":{"rendered":"\n<p>(2011\/1, 2011\/2, 2015)<\/p>\n\n\n\n<h4 class=\"wp-block-heading\">Bibliografia principal:<\/h4>\n\n\n\n<ul><li>J. Sotomayor, Li\u00e7\u00f5es de EDOs, 1979.<\/li><li>C. L. Doering, A. O. Lopes, EDOs, 2010.<\/li><\/ul>\n\n\n\n<h4 class=\"wp-block-heading\">Bibliografia complementar:<\/h4>\n\n\n\n<ul><li>Guckenheimer\/Holmes, Nonlinear Oscillations, Dynamical Systems and Bifurcations of Vector Fields, Springer, 2002.<\/li><\/ul>\n\n\n\n<p>Aulas: 3\u00aa e 5\u00aa \u00e0s 08:00<br><strong>Local:<\/strong>&nbsp;Sala M2<\/p>\n\n\n\n<p>1\u00aa Avalia\u00e7\u00e3o: Prova dia 24\/09\/2015<\/p>\n\n\n\n<p>2\u00aa Avalia\u00e7\u00e3o: Prova dia 03\/12\/2015<\/p>\n\n\n\n<p>3\u00aa Avalia\u00e7\u00e3o: Semin\u00e1rios<\/p>\n\n\n\n<p><a href=\"http:\/\/grigori.impa.br\/site\/arquivos\/ODE\/Lista_EDO.pdf\">Lista de exerc\u00edcios (em atualiza\u00e7\u00e3o).<\/a><\/p>\n\n\n\n<p><br>Provas antigas<br>2011 &#8211; gradua\u00e7\u00e3o:&nbsp;<a href=\"http:\/\/grigori.impa.br\/site\/arquivos\/ODE\/2011%20gradua%C3%A7%C3%A3o\/TVC1.pdf\">TVC1<\/a>,&nbsp;<a href=\"http:\/\/grigori.impa.br\/site\/arquivos\/ODE\/2011%20gradua%C3%A7%C3%A3o\/TVC2.pdf\">TVC2<\/a>,&nbsp;<a href=\"http:\/\/grigori.impa.br\/site\/arquivos\/ODE\/2011%20gradua%C3%A7%C3%A3o\/TVC2_opcional.pdf\">TVC2 &#8211; opcional<\/a><\/p>\n\n\n\n<p>2011 &#8211; mestrado:&nbsp;<a href=\"http:\/\/grigori.impa.br\/site\/arquivos\/ODE\/2011%20mestrado\/TVC1.pdf\">TVC1<\/a>,&nbsp;<a href=\"http:\/\/grigori.impa.br\/site\/arquivos\/ODE\/2011%20mestrado\/TVC1_opcional.pdf\">TVC1 &#8211; opcional<\/a>,&nbsp;<a href=\"http:\/\/grigori.impa.br\/site\/arquivos\/ODE\/2011%20mestrado\/TVC2.pdf\">TVC2<\/a><\/p>\n\n\n\n<p>2015 &#8211; mestrado:&nbsp;<a href=\"http:\/\/grigori.impa.br\/site\/arquivos\/ODE\/2015\/TVC1_2015.pdf\">TVC1<\/a>,&nbsp;<a href=\"http:\/\/grigori.impa.br\/site\/arquivos\/ODE\/2015\/TVC2_2015.pdf\">TVC2<\/a><\/p>\n","protected":false},"excerpt":{"rendered":"<p>(2011\/1, 2011\/2, 2015) Bibliografia principal: J. Sotomayor, Li\u00e7\u00f5es de EDOs, 1979. C. L. Doering, A. O. Lopes, EDOs, 2010. Bibliografia complementar: Guckenheimer\/Holmes, Nonlinear Oscillations, Dynamical Systems and Bifurcations of Vector Fields, Springer, 2002. Aulas: 3\u00aa e 5\u00aa \u00e0s 08:00Local:&nbsp;Sala M2 1\u00aa Avalia\u00e7\u00e3o: Prova dia 24\/09\/2015 2\u00aa Avalia\u00e7\u00e3o: Prova dia 03\/12\/2015 3\u00aa Avalia\u00e7\u00e3o: Semin\u00e1rios Lista de &hellip;<\/p>\n<p class=\"read-more\"> <a class=\"\" href=\"http:\/\/lamap.ufjf.br\/grigori\/equacoes-diferenciais-ordinarias\/\"> <span class=\"screen-reader-text\">Equa\u00e7\u00f5es Diferenciais Ordin\u00e1rias<\/span> Leia mais &raquo;<\/a><\/p>\n","protected":false},"author":7,"featured_media":0,"parent":0,"menu_order":0,"comment_status":"closed","ping_status":"closed","template":"","meta":{"_uag_custom_page_level_css":"","site-sidebar-layout":"default","site-content-layout":"default","ast-global-header-display":"","ast-main-header-display":"","ast-hfb-above-header-display":"","ast-hfb-below-header-display":"","ast-hfb-mobile-header-display":"","site-post-title":"","ast-breadcrumbs-content":"","ast-featured-img":"","footer-sml-layout":"","theme-transparent-header-meta":"default","adv-header-id-meta":"","stick-header-meta":"","header-above-stick-meta":"","header-main-stick-meta":"","header-below-stick-meta":"","footnotes":""},"uagb_featured_image_src":{"full":false,"thumbnail":false,"medium":false,"medium_large":false,"large":false,"1536x1536":false,"2048x2048":false},"uagb_author_info":{"display_name":"grigorichapiro","author_link":"http:\/\/lamap.ufjf.br\/grigori\/author\/grigorichapiro\/"},"uagb_comment_info":0,"uagb_excerpt":"(2011\/1, 2011\/2, 2015) Bibliografia principal: J. Sotomayor, Li\u00e7\u00f5es de EDOs, 1979. C. L. Doering, A. O. Lopes, EDOs, 2010. Bibliografia complementar: Guckenheimer\/Holmes, Nonlinear Oscillations, Dynamical Systems and Bifurcations of Vector Fields, Springer, 2002. Aulas: 3\u00aa e 5\u00aa \u00e0s 08:00Local:&nbsp;Sala M2 1\u00aa Avalia\u00e7\u00e3o: Prova dia 24\/09\/2015 2\u00aa Avalia\u00e7\u00e3o: Prova dia 03\/12\/2015 3\u00aa Avalia\u00e7\u00e3o: Semin\u00e1rios Lista de&hellip;","_links":{"self":[{"href":"http:\/\/lamap.ufjf.br\/grigori\/wp-json\/wp\/v2\/pages\/36"}],"collection":[{"href":"http:\/\/lamap.ufjf.br\/grigori\/wp-json\/wp\/v2\/pages"}],"about":[{"href":"http:\/\/lamap.ufjf.br\/grigori\/wp-json\/wp\/v2\/types\/page"}],"author":[{"embeddable":true,"href":"http:\/\/lamap.ufjf.br\/grigori\/wp-json\/wp\/v2\/users\/7"}],"replies":[{"embeddable":true,"href":"http:\/\/lamap.ufjf.br\/grigori\/wp-json\/wp\/v2\/comments?post=36"}],"version-history":[{"count":3,"href":"http:\/\/lamap.ufjf.br\/grigori\/wp-json\/wp\/v2\/pages\/36\/revisions"}],"predecessor-version":[{"id":81,"href":"http:\/\/lamap.ufjf.br\/grigori\/wp-json\/wp\/v2\/pages\/36\/revisions\/81"}],"wp:attachment":[{"href":"http:\/\/lamap.ufjf.br\/grigori\/wp-json\/wp\/v2\/media?parent=36"}],"curies":[{"name":"wp","href":"https:\/\/api.w.org\/{rel}","templated":true}]}}