{"id":37,"date":"2021-04-28T20:28:00","date_gmt":"2021-04-28T23:28:00","guid":{"rendered":"http:\/\/lamap.ufjf.br\/grigori\/?page_id=37"},"modified":"2021-04-28T20:52:14","modified_gmt":"2021-04-28T23:52:14","slug":"equacoes-diferenciais-ordinarias-aplicadas","status":"publish","type":"page","link":"http:\/\/lamap.ufjf.br\/grigori\/equacoes-diferenciais-ordinarias-aplicadas\/","title":{"rendered":"Equa\u00e7\u00f5es Diferenciais Ordin\u00e1rias Aplicadas"},"content":{"rendered":"\n<p>(2019\/2)<\/p>\n\n\n\n<p><a href=\"https:\/\/grigori.impa.br\/data\/_uploaded\/Arquivos\/EDOA\/EDOA-ementa.pdf\">Ementa do curso<\/a><\/p>\n\n\n\n<h4 class=\"wp-block-heading\">Bibliografia principal:<\/h4>\n\n\n\n<ul><li>J.C. BUTCHER, The Numerical Analysis of Ordinary Differential Equations, John Wiley, 1987.<\/li><li>Uri Ascher,&nbsp;<a href=\"http:\/\/www.cs.ubc.ca\/~ascher\/books.html\">Numerical Methods for Evolutionary Differential Equations<\/a>, SIAM, 2008<\/li><\/ul>\n\n\n\n<h4 class=\"wp-block-heading\">Bibliografia complementar:<\/h4>\n\n\n\n<ul><li>J. Sotomayor, Li\u00e7\u00f5es de EDOs, 1979.<\/li><li>C. L. Doering, A. O. Lopes, EDOs, 2010.<\/li><\/ul>\n\n\n\n<p><strong>Aulas<\/strong>: 3\u00aa e 5\u00aa \u00e0s 14:00<\/p>\n\n\n\n<p><br><strong>Local:<\/strong>&nbsp;Sala M2<\/p>\n\n\n\n<p>1\u00aa Avalia\u00e7\u00e3o: ??<\/p>\n\n\n\n<p>2\u00aa Avalia\u00e7\u00e3o: ??<\/p>\n\n\n\n<p>3\u00aa Avalia\u00e7\u00e3o: ??<\/p>\n","protected":false},"excerpt":{"rendered":"<p>(2019\/2) Ementa do curso Bibliografia principal: J.C. BUTCHER, The Numerical Analysis of Ordinary Differential Equations, John Wiley, 1987. Uri Ascher,&nbsp;Numerical Methods for Evolutionary Differential Equations, SIAM, 2008 Bibliografia complementar: J. Sotomayor, Li\u00e7\u00f5es de EDOs, 1979. C. L. Doering, A. O. Lopes, EDOs, 2010. Aulas: 3\u00aa e 5\u00aa \u00e0s 14:00 Local:&nbsp;Sala M2 1\u00aa Avalia\u00e7\u00e3o: ?? 2\u00aa &hellip;<\/p>\n<p class=\"read-more\"> <a class=\"\" href=\"http:\/\/lamap.ufjf.br\/grigori\/equacoes-diferenciais-ordinarias-aplicadas\/\"> <span class=\"screen-reader-text\">Equa\u00e7\u00f5es Diferenciais Ordin\u00e1rias Aplicadas<\/span> Leia mais &raquo;<\/a><\/p>\n","protected":false},"author":7,"featured_media":0,"parent":0,"menu_order":0,"comment_status":"closed","ping_status":"closed","template":"","meta":{"_uag_custom_page_level_css":"","site-sidebar-layout":"default","site-content-layout":"default","ast-global-header-display":"","ast-main-header-display":"","ast-hfb-above-header-display":"","ast-hfb-below-header-display":"","ast-hfb-mobile-header-display":"","site-post-title":"","ast-breadcrumbs-content":"","ast-featured-img":"","footer-sml-layout":"","theme-transparent-header-meta":"default","adv-header-id-meta":"","stick-header-meta":"","header-above-stick-meta":"","header-main-stick-meta":"","header-below-stick-meta":"","footnotes":""},"uagb_featured_image_src":{"full":false,"thumbnail":false,"medium":false,"medium_large":false,"large":false,"1536x1536":false,"2048x2048":false},"uagb_author_info":{"display_name":"grigorichapiro","author_link":"http:\/\/lamap.ufjf.br\/grigori\/author\/grigorichapiro\/"},"uagb_comment_info":0,"uagb_excerpt":"(2019\/2) Ementa do curso Bibliografia principal: J.C. BUTCHER, The Numerical Analysis of Ordinary Differential Equations, John Wiley, 1987. Uri Ascher,&nbsp;Numerical Methods for Evolutionary Differential Equations, SIAM, 2008 Bibliografia complementar: J. Sotomayor, Li\u00e7\u00f5es de EDOs, 1979. C. L. Doering, A. O. Lopes, EDOs, 2010. Aulas: 3\u00aa e 5\u00aa \u00e0s 14:00 Local:&nbsp;Sala M2 1\u00aa Avalia\u00e7\u00e3o: ?? 2\u00aa&hellip;","_links":{"self":[{"href":"http:\/\/lamap.ufjf.br\/grigori\/wp-json\/wp\/v2\/pages\/37"}],"collection":[{"href":"http:\/\/lamap.ufjf.br\/grigori\/wp-json\/wp\/v2\/pages"}],"about":[{"href":"http:\/\/lamap.ufjf.br\/grigori\/wp-json\/wp\/v2\/types\/page"}],"author":[{"embeddable":true,"href":"http:\/\/lamap.ufjf.br\/grigori\/wp-json\/wp\/v2\/users\/7"}],"replies":[{"embeddable":true,"href":"http:\/\/lamap.ufjf.br\/grigori\/wp-json\/wp\/v2\/comments?post=37"}],"version-history":[{"count":2,"href":"http:\/\/lamap.ufjf.br\/grigori\/wp-json\/wp\/v2\/pages\/37\/revisions"}],"predecessor-version":[{"id":88,"href":"http:\/\/lamap.ufjf.br\/grigori\/wp-json\/wp\/v2\/pages\/37\/revisions\/88"}],"wp:attachment":[{"href":"http:\/\/lamap.ufjf.br\/grigori\/wp-json\/wp\/v2\/media?parent=37"}],"curies":[{"name":"wp","href":"https:\/\/api.w.org\/{rel}","templated":true}]}}