{"id":38,"date":"2021-04-28T20:28:00","date_gmt":"2021-04-28T23:28:00","guid":{"rendered":"http:\/\/lamap.ufjf.br\/grigori\/?page_id=38"},"modified":"2021-04-28T20:52:47","modified_gmt":"2021-04-28T23:52:47","slug":"elementos-de-calculo-ii","status":"publish","type":"page","link":"http:\/\/lamap.ufjf.br\/grigori\/elementos-de-calculo-ii\/","title":{"rendered":"Elementos de C\u00e1lculo II"},"content":{"rendered":"\n<p>(2014)<\/p>\n\n\n\n<p>Ementa:\u00a0<a href=\"http:\/\/grigori.impa.br\/site\/arquivos\/Elementos2\/EMENTA%20elementos%20de%20calculo%20ii.pdf\">aqui!<\/a><\/p>\n\n\n\n<h4 class=\"wp-block-heading\">Texto de Referencia:<\/h4>\n\n\n\n<ul><li><a href=\"http:\/\/grigori.impa.br\/site\/arquivos\/Elementos2\/Notas_de_Aula_EC_II_2009_3_V01.pdf\">Mazorche, S.R.&nbsp;<strong>Elementos de C\u00e1lculo 2.<\/strong>&nbsp;2009<\/a><\/li><\/ul>\n\n\n\n<p><a href=\"http:\/\/grigori.impa.br\/site\/arquivos\/Elementos2\/Horarios%20monitoria.pdf\">Hor\u00e1rios de locais de monitoria.<\/a><\/p>\n\n\n\n<h4 class=\"wp-block-heading\">1\u00aa Avalia\u00e7\u00e3o:&nbsp;<a href=\"http:\/\/grigori.impa.br\/site\/arquivos\/Elementos2\/TVC1.pdf\">TVC1<\/a><\/h4>\n\n\n\n<ul><li><strong>Mat\u00e9ria:<\/strong>&nbsp;Aplica\u00e7\u00f5es de Derivada.<\/li><li><strong>1\u00aa Chamada:&nbsp;<\/strong>29\/04\/2014; Hor\u00e1rio: 19:00.<\/li><li><strong>2\u00aa Chamada:&nbsp;<\/strong>07\/05\/2014; Hor\u00e1rio: 15:00. No anfiteatro do DM.<\/li><\/ul>\n\n\n\n<h4 class=\"wp-block-heading\">2\u00aa Avalia\u00e7\u00e3o:<a href=\"http:\/\/grigori.impa.br\/site\/arquivos\/Elementos2\/TVC2.pdf\">&nbsp;TVC2<\/a><\/h4>\n\n\n\n<ul><li><strong>Mat\u00e9ria:<\/strong>&nbsp;Integrais.<\/li><li><strong>1\u00aa Chamada:&nbsp;<\/strong>03\/06\/2014; Hor\u00e1rio: 19:00.<\/li><li><strong>2\u00aa Chamada: 09\/06\/2014.&nbsp;<\/strong>Hor\u00e1rio: 14:00.<\/li><\/ul>\n\n\n\n<h4 class=\"wp-block-heading\">3\u00aa Avalia\u00e7\u00e3o:<\/h4>\n\n\n\n<ul><li><strong>Mat\u00e9ria:<\/strong>&nbsp;Se\u00e7\u00f5es C\u00f4nicas; Mudan\u00e7a de Coordenadas no Plano.<\/li><li><strong>1\u00aa Chamada:&nbsp;<\/strong>10\/07\/2014; Hor\u00e1rio: 19:00.<\/li><li><strong>2\u00aa Chamada:&nbsp;<\/strong>a definir.<\/li><li>Aula de exerc\u00edcios:<\/li><li>Se n\u00e3o tiver jogo do Brasil na ter\u00e7a feira 08\/07\/2014 &#8211; aula normal 08\/07 \u00e0s 19:00-21:00<\/li><li>Se tiver jogo do Brasil na ter\u00e7a feira 08\/07\/2014 &#8211; aula ser\u00e1 no dia 09\/07\/2014 \u00e0s 17:00-19:00 na sala 3110 (primeiro andar do pr\u00e9dio ao lado do Departamento de Matem\u00e1tica)<\/li><\/ul>\n\n\n\n<h4 class=\"wp-block-heading\">Bibliografia complementar:<\/h4>\n\n\n\n<ul><li>CHIANG, A. Matem\u00e1tica para Economistas. McGraw-Hill.<\/li><li>HOFFMANN, L. D. C\u00e1lculo, um curso moderno e suas aplica\u00e7\u00f5es. Vol. 1 e 2. LTC<\/li><li>SIMON, C. P. &amp; BLUME, L. Mathematics for Economists. WW Norton and Company Inc.<\/li><li>SWOKOWSKI, E. W. C\u00e1lculo com Geometria Anal\u00edtica. Vol. 1 e 2. McGraw-Hill.<\/li><\/ul>\n","protected":false},"excerpt":{"rendered":"<p>(2014) Ementa:\u00a0aqui! Texto de Referencia: Mazorche, S.R.&nbsp;Elementos de C\u00e1lculo 2.&nbsp;2009 Hor\u00e1rios de locais de monitoria. 1\u00aa Avalia\u00e7\u00e3o:&nbsp;TVC1 Mat\u00e9ria:&nbsp;Aplica\u00e7\u00f5es de Derivada. 1\u00aa Chamada:&nbsp;29\/04\/2014; Hor\u00e1rio: 19:00. 2\u00aa Chamada:&nbsp;07\/05\/2014; Hor\u00e1rio: 15:00. No anfiteatro do DM. 2\u00aa Avalia\u00e7\u00e3o:&nbsp;TVC2 Mat\u00e9ria:&nbsp;Integrais. 1\u00aa Chamada:&nbsp;03\/06\/2014; Hor\u00e1rio: 19:00. 2\u00aa Chamada: 09\/06\/2014.&nbsp;Hor\u00e1rio: 14:00. 3\u00aa Avalia\u00e7\u00e3o: Mat\u00e9ria:&nbsp;Se\u00e7\u00f5es C\u00f4nicas; Mudan\u00e7a de Coordenadas no Plano. 1\u00aa Chamada:&nbsp;10\/07\/2014; Hor\u00e1rio: &hellip;<\/p>\n<p class=\"read-more\"> <a class=\"\" href=\"http:\/\/lamap.ufjf.br\/grigori\/elementos-de-calculo-ii\/\"> <span class=\"screen-reader-text\">Elementos de C\u00e1lculo II<\/span> Leia mais &raquo;<\/a><\/p>\n","protected":false},"author":7,"featured_media":0,"parent":0,"menu_order":0,"comment_status":"closed","ping_status":"closed","template":"","meta":{"_uag_custom_page_level_css":"","site-sidebar-layout":"default","site-content-layout":"default","ast-global-header-display":"","ast-main-header-display":"","ast-hfb-above-header-display":"","ast-hfb-below-header-display":"","ast-hfb-mobile-header-display":"","site-post-title":"","ast-breadcrumbs-content":"","ast-featured-img":"","footer-sml-layout":"","theme-transparent-header-meta":"default","adv-header-id-meta":"","stick-header-meta":"","header-above-stick-meta":"","header-main-stick-meta":"","header-below-stick-meta":"","footnotes":""},"uagb_featured_image_src":{"full":false,"thumbnail":false,"medium":false,"medium_large":false,"large":false,"1536x1536":false,"2048x2048":false},"uagb_author_info":{"display_name":"grigorichapiro","author_link":"http:\/\/lamap.ufjf.br\/grigori\/author\/grigorichapiro\/"},"uagb_comment_info":0,"uagb_excerpt":"(2014) Ementa:\u00a0aqui! Texto de Referencia: Mazorche, S.R.&nbsp;Elementos de C\u00e1lculo 2.&nbsp;2009 Hor\u00e1rios de locais de monitoria. 1\u00aa Avalia\u00e7\u00e3o:&nbsp;TVC1 Mat\u00e9ria:&nbsp;Aplica\u00e7\u00f5es de Derivada. 1\u00aa Chamada:&nbsp;29\/04\/2014; Hor\u00e1rio: 19:00. 2\u00aa Chamada:&nbsp;07\/05\/2014; Hor\u00e1rio: 15:00. No anfiteatro do DM. 2\u00aa Avalia\u00e7\u00e3o:&nbsp;TVC2 Mat\u00e9ria:&nbsp;Integrais. 1\u00aa Chamada:&nbsp;03\/06\/2014; Hor\u00e1rio: 19:00. 2\u00aa Chamada: 09\/06\/2014.&nbsp;Hor\u00e1rio: 14:00. 3\u00aa Avalia\u00e7\u00e3o: Mat\u00e9ria:&nbsp;Se\u00e7\u00f5es C\u00f4nicas; Mudan\u00e7a de Coordenadas no Plano. 1\u00aa Chamada:&nbsp;10\/07\/2014; Hor\u00e1rio:&hellip;","_links":{"self":[{"href":"http:\/\/lamap.ufjf.br\/grigori\/wp-json\/wp\/v2\/pages\/38"}],"collection":[{"href":"http:\/\/lamap.ufjf.br\/grigori\/wp-json\/wp\/v2\/pages"}],"about":[{"href":"http:\/\/lamap.ufjf.br\/grigori\/wp-json\/wp\/v2\/types\/page"}],"author":[{"embeddable":true,"href":"http:\/\/lamap.ufjf.br\/grigori\/wp-json\/wp\/v2\/users\/7"}],"replies":[{"embeddable":true,"href":"http:\/\/lamap.ufjf.br\/grigori\/wp-json\/wp\/v2\/comments?post=38"}],"version-history":[{"count":2,"href":"http:\/\/lamap.ufjf.br\/grigori\/wp-json\/wp\/v2\/pages\/38\/revisions"}],"predecessor-version":[{"id":89,"href":"http:\/\/lamap.ufjf.br\/grigori\/wp-json\/wp\/v2\/pages\/38\/revisions\/89"}],"wp:attachment":[{"href":"http:\/\/lamap.ufjf.br\/grigori\/wp-json\/wp\/v2\/media?parent=38"}],"curies":[{"name":"wp","href":"https:\/\/api.w.org\/{rel}","templated":true}]}}