{"id":39,"date":"2021-04-28T20:28:00","date_gmt":"2021-04-28T23:28:00","guid":{"rendered":"http:\/\/lamap.ufjf.br\/grigori\/?page_id=39"},"modified":"2021-04-28T20:53:11","modified_gmt":"2021-04-28T23:53:11","slug":"geometria-analitica-e-sistemas-lineares","status":"publish","type":"page","link":"http:\/\/lamap.ufjf.br\/grigori\/geometria-analitica-e-sistemas-lineares\/","title":{"rendered":"Geometria Anal\u00edtica e Sistemas Lineares"},"content":{"rendered":"\n<p>(2009)<\/p>\n\n\n\n<h4 class=\"wp-block-heading\">Livro texto:<\/h4>\n\n\n\n<ul><li>SANTOS, R.J.&nbsp;<strong>Matrizes Vetores e Geometria Anal\u00edtica<\/strong>. Belo Horizonte: Imprensa Universit\u00e1ria da UFMG, 2004<\/li><\/ul>\n\n\n\n<h4 class=\"wp-block-heading\">1\u00aa Avalia\u00e7\u00e3o:<\/h4>\n\n\n\n<ul><li><strong>Mat\u00e9ria:<\/strong>&nbsp;Matrizes e Sistemas Lineares; Invers\u00e3o de Matrizes e Determinantes.<\/li><li><strong>1\u00aa Chamada:&nbsp;<\/strong>07\/04\/2009; Hor\u00e1rio: 16:00.<\/li><li><strong>2\u00aa Chamada:&nbsp;<\/strong>14\/04\/2009; Hor\u00e1rio: 18:00.<\/li><\/ul>\n\n\n\n<h4 class=\"wp-block-heading\">2\u00aa Avalia\u00e7\u00e3o:<\/h4>\n\n\n\n<ul><li><strong>Mat\u00e9ria:<\/strong>&nbsp;Vetores no Plano e no Espa\u00e7o; Retas e Planos.<\/li><li><strong>1\u00aa Chamada:&nbsp;<\/strong>21\/05\/2009; Hor\u00e1rio: 18:00.<\/li><li><strong>2\u00aa Chamada:&nbsp;<\/strong>26\/05\/2009; Hor\u00e1rio: 18:00.<\/li><\/ul>\n\n\n\n<h4 class=\"wp-block-heading\">3\u00aa Avalia\u00e7\u00e3o:<\/h4>\n\n\n\n<ul><li><strong>Mat\u00e9ria:<\/strong>&nbsp;Se\u00e7\u00f5es C\u00f4nicas; Mudan\u00e7a de Coordenadas no Plano.<\/li><li><strong>1\u00aa Chamada:&nbsp;<\/strong>30\/07\/2009; Hor\u00e1rio: 16:00.<\/li><li><strong>2\u00aa Chamada:&nbsp;<\/strong>03\/07\/2009; Hor\u00e1rio: 18:00.<\/li><\/ul>\n\n\n\n<h4 class=\"wp-block-heading\">Opcional:<\/h4>\n\n\n\n<ul><li><strong>Mat\u00e9ria:<\/strong>&nbsp;Toda.<\/li><li><strong>Chamada \u00fanica:&nbsp;<\/strong>07\/07\/2009; Hor\u00e1rio: 16:00.<\/li><\/ul>\n\n\n\n<h4 class=\"wp-block-heading\">Bibliografia complementar:<\/h4>\n\n\n\n<ul><li>ANTON, H. &amp; RORRES, C.&nbsp;<strong>\u00c1lgebra Linear com Aplica\u00e7\u00f5es.<\/strong>&nbsp;Porto Alegre: Bookman, 2001.<\/li><li>BOLDRINI, J.L.&nbsp;<strong>\u00c1lgebra Linear.<\/strong>&nbsp;S\u00e3o Paulo: Harbra, 1986.<\/li><li>BOULOS, P. &amp; CAMARGO, I.&nbsp;<strong>Introdu\u00e7\u00e3o \u00e0 Geometria Anal\u00edtica no Espa\u00e7o<\/strong>. S\u00e3o Paulo: Makron Books, 1997.<\/li><li>BOULOS, P. &amp; CAMARGO, I.&nbsp;<strong>Geometria Anal\u00edtica &#8211; Um Tratamento Vetorial<\/strong>. S\u00e3o Paulo: Prentice Hall Brasil, 2005.<\/li><li>CALLIOLI, C., DOMINGUES, H.H. &amp; COSTA, R.C.F.&nbsp;<strong>\u00c1lgebra Linear e Aplica\u00e7\u00f5es<\/strong>. S\u00e3o Paulo: Atual Editora, 1990.<\/li><li>LEHMANN, C.H.&nbsp;<strong>Geometria Anal\u00edtica<\/strong>. S\u00e3o Paulo: Globo, 1995.<\/li><li>LIPSCHUTZ, S.&nbsp;<strong>\u00c1lgebra Linear<\/strong><em>.&nbsp;<\/em>Porto Alegre: Bookman, 2004.<\/li><li>REIS, G.L. &amp; SILVA, V.V.&nbsp;<strong>Geometria Anal\u00edtica<\/strong>. Rio de Janeiro: LTC, 1996.<\/li><li>STEINBRUCH, A. &amp; WINTERLE, P<em>.&nbsp;&nbsp;<\/em><strong>Geometria Anal\u00edtica<\/strong>. S\u00e3o Paulo: Makron Books, 1987.<\/li><li>STEINBRUCH, A. &amp; WINTERLE, P.&nbsp;<strong>\u00c1lgebra Linear.<\/strong>&nbsp;S\u00e3o Paulo: Makron Books, 1987.<\/li><li>WINTERLE, P.&nbsp;<strong>Vetores e Geometria Anal\u00edtica<\/strong>. S\u00e3o Paulo: Makron Books, 2000.<\/li><\/ul>\n","protected":false},"excerpt":{"rendered":"<p>(2009) Livro texto: SANTOS, R.J.&nbsp;Matrizes Vetores e Geometria Anal\u00edtica. Belo Horizonte: Imprensa Universit\u00e1ria da UFMG, 2004 1\u00aa Avalia\u00e7\u00e3o: Mat\u00e9ria:&nbsp;Matrizes e Sistemas Lineares; Invers\u00e3o de Matrizes e Determinantes. 1\u00aa Chamada:&nbsp;07\/04\/2009; Hor\u00e1rio: 16:00. 2\u00aa Chamada:&nbsp;14\/04\/2009; Hor\u00e1rio: 18:00. 2\u00aa Avalia\u00e7\u00e3o: Mat\u00e9ria:&nbsp;Vetores no Plano e no Espa\u00e7o; Retas e Planos. 1\u00aa Chamada:&nbsp;21\/05\/2009; Hor\u00e1rio: 18:00. 2\u00aa Chamada:&nbsp;26\/05\/2009; Hor\u00e1rio: 18:00. 3\u00aa &hellip;<\/p>\n<p class=\"read-more\"> <a class=\"\" href=\"http:\/\/lamap.ufjf.br\/grigori\/geometria-analitica-e-sistemas-lineares\/\"> <span class=\"screen-reader-text\">Geometria Anal\u00edtica e Sistemas Lineares<\/span> Leia mais &raquo;<\/a><\/p>\n","protected":false},"author":7,"featured_media":0,"parent":0,"menu_order":0,"comment_status":"closed","ping_status":"closed","template":"","meta":{"_uag_custom_page_level_css":"","site-sidebar-layout":"default","site-content-layout":"default","ast-global-header-display":"","ast-main-header-display":"","ast-hfb-above-header-display":"","ast-hfb-below-header-display":"","ast-hfb-mobile-header-display":"","site-post-title":"","ast-breadcrumbs-content":"","ast-featured-img":"","footer-sml-layout":"","theme-transparent-header-meta":"default","adv-header-id-meta":"","stick-header-meta":"","header-above-stick-meta":"","header-main-stick-meta":"","header-below-stick-meta":"","footnotes":""},"uagb_featured_image_src":{"full":false,"thumbnail":false,"medium":false,"medium_large":false,"large":false,"1536x1536":false,"2048x2048":false},"uagb_author_info":{"display_name":"grigorichapiro","author_link":"http:\/\/lamap.ufjf.br\/grigori\/author\/grigorichapiro\/"},"uagb_comment_info":0,"uagb_excerpt":"(2009) Livro texto: SANTOS, R.J.&nbsp;Matrizes Vetores e Geometria Anal\u00edtica. Belo Horizonte: Imprensa Universit\u00e1ria da UFMG, 2004 1\u00aa Avalia\u00e7\u00e3o: Mat\u00e9ria:&nbsp;Matrizes e Sistemas Lineares; Invers\u00e3o de Matrizes e Determinantes. 1\u00aa Chamada:&nbsp;07\/04\/2009; Hor\u00e1rio: 16:00. 2\u00aa Chamada:&nbsp;14\/04\/2009; Hor\u00e1rio: 18:00. 2\u00aa Avalia\u00e7\u00e3o: Mat\u00e9ria:&nbsp;Vetores no Plano e no Espa\u00e7o; Retas e Planos. 1\u00aa Chamada:&nbsp;21\/05\/2009; Hor\u00e1rio: 18:00. 2\u00aa Chamada:&nbsp;26\/05\/2009; Hor\u00e1rio: 18:00. 3\u00aa&hellip;","_links":{"self":[{"href":"http:\/\/lamap.ufjf.br\/grigori\/wp-json\/wp\/v2\/pages\/39"}],"collection":[{"href":"http:\/\/lamap.ufjf.br\/grigori\/wp-json\/wp\/v2\/pages"}],"about":[{"href":"http:\/\/lamap.ufjf.br\/grigori\/wp-json\/wp\/v2\/types\/page"}],"author":[{"embeddable":true,"href":"http:\/\/lamap.ufjf.br\/grigori\/wp-json\/wp\/v2\/users\/7"}],"replies":[{"embeddable":true,"href":"http:\/\/lamap.ufjf.br\/grigori\/wp-json\/wp\/v2\/comments?post=39"}],"version-history":[{"count":2,"href":"http:\/\/lamap.ufjf.br\/grigori\/wp-json\/wp\/v2\/pages\/39\/revisions"}],"predecessor-version":[{"id":90,"href":"http:\/\/lamap.ufjf.br\/grigori\/wp-json\/wp\/v2\/pages\/39\/revisions\/90"}],"wp:attachment":[{"href":"http:\/\/lamap.ufjf.br\/grigori\/wp-json\/wp\/v2\/media?parent=39"}],"curies":[{"name":"wp","href":"https:\/\/api.w.org\/{rel}","templated":true}]}}