{"id":40,"date":"2021-04-28T20:28:00","date_gmt":"2021-04-28T23:28:00","guid":{"rendered":"http:\/\/lamap.ufjf.br\/grigori\/?page_id=40"},"modified":"2024-04-10T09:05:16","modified_gmt":"2024-04-10T12:05:16","slug":"introducao-as-variaveis-complexas","status":"publish","type":"page","link":"http:\/\/lamap.ufjf.br\/grigori\/introducao-as-variaveis-complexas\/","title":{"rendered":"Introdu\u00e7\u00e3o \u00e0s Vari\u00e1veis Complexas"},"content":{"rendered":"\n<p>(2010, 2016, 2024)<\/p>\n\n\n\n<h4 class=\"wp-block-heading\">Bibliografia principal:<\/h4>\n\n\n\n<ul>\n<li>SOARES, M.G. C\u00e1lculo em uma Vari\u00e1vel Complexa. Cole\u00e7\u00e3o Matem\u00e1tica Universit\u00e1ria. IMPA.<\/li>\n\n\n\n<li>CHURCHILL, R.V. Vari\u00e1veis Complexas e suas Aplica\u00e7\u00f5es. McGraw-Hill.<\/li>\n<\/ul>\n\n\n\n<h4 class=\"wp-block-heading\">Bibliografia complementar:<\/h4>\n\n\n\n<ul>\n<li>MEDEIROS, L.A.F. Introdu\u00e7\u00e3o \u00e0s Vari\u00e1veis Complexas. McGraw-Hill.<\/li>\n\n\n\n<li>\u00c1VILA, G.S.S. Fun\u00e7\u00f5es de uma Vari\u00e1vel Complexa. LTC.<\/li>\n<\/ul>\n\n\n\n<h4 class=\"wp-block-heading\">Listas de exerc\u00edcios: (livro texto)<\/h4>\n\n\n\n<h4 class=\"wp-block-heading\">1\u00aa Avalia\u00e7\u00e3o:<\/h4>\n\n\n\n<ul>\n<li><strong>Mat\u00e9ria:<\/strong>\u00a0<\/li>\n\n\n\n<li><strong>Data:\u00a0<\/strong>a combinar.<\/li>\n<\/ul>\n\n\n\n<h4 class=\"wp-block-heading\">2\u00aa Avalia\u00e7\u00e3o:<\/h4>\n\n\n\n<ul>\n<li><strong>Mat\u00e9ria:<\/strong><\/li>\n\n\n\n<li><strong>Data:\u00a0<\/strong>a combinar<\/li>\n<\/ul>\n\n\n\n<h4 class=\"wp-block-heading\">3\u00aa Avalia\u00e7\u00e3o:<\/h4>\n\n\n\n<ul>\n<li><strong>Mat\u00e9ria:<\/strong><\/li>\n\n\n\n<li><strong>Data:\u00a0<\/strong>a combinar<\/li>\n<\/ul>\n\n\n\n<p><strong>Aten\u00e7\u00e3o: n\u00e3o haver\u00e1 prova opcional!!!!<\/strong><\/p>\n\n\n\n<p><strong><a href=\"\/\/\/home\/grigori\/Dropbox\/Documentos%20diversos\/My%20home%20page\/arquivos\/AL\/AL%20mat112.pdf\">Ementa do curso<\/a><\/strong><a href=\"http:\/\/grigori.impa.br\/site\/arquivos\/IVC\/Ementa%20MAT031%20variaveis.pdf\">Introdu\u00e7\u00e3o \u00e0s Vari\u00e1veis Complexas (MAT031)<\/a><\/p>\n\n\n\n<p><a href=\"http:\/\/grigori.impa.br\/site\/arquivos\/IVC\/Ementa%20MAT130%20anlise.pdf\">Ementa do curso Introdu\u00e7\u00e3o \u00e0 An\u00e1lise Complexa (MAT130).<\/a><\/p>\n\n\n\n<p>Provas de 2010:&nbsp;<a href=\"http:\/\/grigori.impa.br\/site\/arquivos\/IVC\/TVC1_2010.pdf\">TVC1<\/a>,&nbsp;<a href=\"http:\/\/grigori.impa.br\/site\/arquivos\/IVC\/TVC2_2010.pdf\">TVC2<\/a><a href=\"http:\/\/grigori.impa.br\/site\/arquivos\/AL\/2009\/Prova_opcional.pdf\">.<\/a><\/p>\n\n\n\n<p>Provas de 2016:&nbsp;<a href=\"http:\/\/grigori.impa.br\/site\/arquivos\/IVC\/2016\/TVC1_2016.pdf\">TVC1<\/a>,&nbsp;<a href=\"http:\/\/grigori.impa.br\/site\/arquivos\/IVC\/2016\/TVC2_2016.pdf\">TVC2<\/a><a href=\"http:\/\/grigori.impa.br\/site\/arquivos\/AL\/2009\/Prova_opcional.pdf\">.<\/a><\/p>\n","protected":false},"excerpt":{"rendered":"<p>(2010, 2016, 2024) Bibliografia principal: Bibliografia complementar: Listas de exerc\u00edcios: (livro texto) 1\u00aa Avalia\u00e7\u00e3o: 2\u00aa Avalia\u00e7\u00e3o: 3\u00aa Avalia\u00e7\u00e3o: Aten\u00e7\u00e3o: n\u00e3o haver\u00e1 prova opcional!!!! Ementa do cursoIntrodu\u00e7\u00e3o \u00e0s Vari\u00e1veis Complexas (MAT031) Ementa do curso Introdu\u00e7\u00e3o \u00e0 An\u00e1lise Complexa (MAT130). Provas de 2010:&nbsp;TVC1,&nbsp;TVC2. Provas de 2016:&nbsp;TVC1,&nbsp;TVC2.<\/p>\n","protected":false},"author":7,"featured_media":0,"parent":0,"menu_order":0,"comment_status":"closed","ping_status":"closed","template":"","meta":{"_uag_custom_page_level_css":"","site-sidebar-layout":"default","site-content-layout":"default","ast-global-header-display":"","ast-main-header-display":"","ast-hfb-above-header-display":"","ast-hfb-below-header-display":"","ast-hfb-mobile-header-display":"","site-post-title":"","ast-breadcrumbs-content":"","ast-featured-img":"","footer-sml-layout":"","theme-transparent-header-meta":"default","adv-header-id-meta":"","stick-header-meta":"","header-above-stick-meta":"","header-main-stick-meta":"","header-below-stick-meta":"","footnotes":""},"uagb_featured_image_src":{"full":false,"thumbnail":false,"medium":false,"medium_large":false,"large":false,"1536x1536":false,"2048x2048":false},"uagb_author_info":{"display_name":"grigorichapiro","author_link":"http:\/\/lamap.ufjf.br\/grigori\/author\/grigorichapiro\/"},"uagb_comment_info":0,"uagb_excerpt":"(2010, 2016, 2024) Bibliografia principal: Bibliografia complementar: Listas de exerc\u00edcios: (livro texto) 1\u00aa Avalia\u00e7\u00e3o: 2\u00aa Avalia\u00e7\u00e3o: 3\u00aa Avalia\u00e7\u00e3o: Aten\u00e7\u00e3o: n\u00e3o haver\u00e1 prova opcional!!!! Ementa do cursoIntrodu\u00e7\u00e3o \u00e0s Vari\u00e1veis Complexas (MAT031) Ementa do curso Introdu\u00e7\u00e3o \u00e0 An\u00e1lise Complexa (MAT130). Provas de 2010:&nbsp;TVC1,&nbsp;TVC2. Provas de 2016:&nbsp;TVC1,&nbsp;TVC2.","_links":{"self":[{"href":"http:\/\/lamap.ufjf.br\/grigori\/wp-json\/wp\/v2\/pages\/40"}],"collection":[{"href":"http:\/\/lamap.ufjf.br\/grigori\/wp-json\/wp\/v2\/pages"}],"about":[{"href":"http:\/\/lamap.ufjf.br\/grigori\/wp-json\/wp\/v2\/types\/page"}],"author":[{"embeddable":true,"href":"http:\/\/lamap.ufjf.br\/grigori\/wp-json\/wp\/v2\/users\/7"}],"replies":[{"embeddable":true,"href":"http:\/\/lamap.ufjf.br\/grigori\/wp-json\/wp\/v2\/comments?post=40"}],"version-history":[{"count":5,"href":"http:\/\/lamap.ufjf.br\/grigori\/wp-json\/wp\/v2\/pages\/40\/revisions"}],"predecessor-version":[{"id":252,"href":"http:\/\/lamap.ufjf.br\/grigori\/wp-json\/wp\/v2\/pages\/40\/revisions\/252"}],"wp:attachment":[{"href":"http:\/\/lamap.ufjf.br\/grigori\/wp-json\/wp\/v2\/media?parent=40"}],"curies":[{"name":"wp","href":"https:\/\/api.w.org\/{rel}","templated":true}]}}