{"id":42,"date":"2021-04-28T20:28:00","date_gmt":"2021-04-28T23:28:00","guid":{"rendered":"http:\/\/lamap.ufjf.br\/grigori\/?page_id=42"},"modified":"2021-04-28T20:54:50","modified_gmt":"2021-04-28T23:54:50","slug":"metodos-matematicos","status":"publish","type":"page","link":"http:\/\/lamap.ufjf.br\/grigori\/metodos-matematicos\/","title":{"rendered":"M\u00e9todos Matem\u00e1ticos"},"content":{"rendered":"\n<p>(2011, 2012, 2015, 2019, 2020)<\/p>\n\n\n\n<p>Por conta da pandemia do COVID-19 UFJF fez a in\u00fameras resolu\u00e7\u00f5es. Retornamos as atividades em modo de Ensino no\u00a0Regime Emergencial (ERE). Os encontros est\u00e3o acontecendo on-line na plataforma Google Meet semanalmente.\u00a0<\/p>\n\n\n\n<p>Pessoal, eu criei um template da lista de exerc\u00edcios no Overleaf. Por favor verifiquem se receberam o convite. Fa\u00e7am cadastro no overleaf e compilem o arquivo antes da pr\u00f3xima aula. Eu vou preparar listas individuais, ent\u00e3o o aluno que n\u00e3o entrar, n\u00e3o receber\u00e1 lista. Podemos resolver a dificuldade relacionada a este processo amanh\u00e3 na aula (10.09.2020).<\/p>\n\n\n\n<h4 class=\"wp-block-heading\">Livros e textos:<\/h4>\n\n\n\n<p><em>Parte 1: Elementos de \u00c1lgebra Linear.<\/em><\/p>\n\n\n\n<ul><li>Andr\u00e9 A. Hallack (UFJF) e Frederico S. Feitosa (UFJF),&nbsp;<a href=\"https:\/\/grigori.impa.br\/www.ufjf.br\/andre_hallack\/files\/2014\/02\/linear13.pdf\">&#8220;\u00c1lgebra Linear&#8221;<\/a>.<\/li><li>Boldrini, J. L. &#8220;\u00c1lgebra Linear&#8221; (3 Edi\u00e7\u00e3o), S\u00e3o Paulo: Harbra, 1986.<\/li><\/ul>\n\n\n\n<p><em>Parte 2: Introdu\u00e7\u00e3o \u00e0s Equa\u00e7\u00f5es Diferenciais, EDOs de 1\u00aa Ordem, EDOs Lineares de 2\u00aa Ordem, Transformada de Laplace<\/em><em>,&nbsp;Sis<\/em><em>temas, Problemas de Contorno<\/em>.<\/p>\n\n\n\n<ul><li>Ulysses Sodr\u00e9,&nbsp;<a href=\"http:\/\/pessoal.sercomtel.com.br\/matematica\/superior\/fourier\/edo.pdf\">&#8220;Equa\u00e7\u00f5es Diferenciais Ordin\u00e1rias&#8221;<\/a>,&nbsp;<a href=\"http:\/\/pessoal.sercomtel.com.br\/matematica\/superior\/fourier\/laplace.pdf\">&#8220;Transformadas de Laplace&#8221;.<\/a><\/li><li>Reginaldo J. Santos (UFMG),&nbsp;<a href=\"http:\/\/www.mat.ufmg.br\/~regi\/eqdif\/iedo.pdf\">&#8220;Introdu\u00e7\u00e3o as equa\u00e7\u00f5es diferenciais ordin\u00e1rias&#8221;<\/a>.<\/li><li>BOYCE, W. E. &amp; DI PRIMA, R. C. Equa\u00e7\u00f5es Diferenciais Elementares e Problemas de Valores de Contorno. Rio&nbsp;de Janeiro: LTC, 2006.<br>Slides:<a href=\"http:\/\/grigori.impa.br\/site\/arquivos\/MetMat\/s1.pdf\">Cap\u00edtulo 1<\/a>,&nbsp;<a href=\"http:\/\/grigori.impa.br\/site\/arquivos\/MetMat\/s2.pdf\">Cap\u00edtulo 2<\/a>,&nbsp;<a href=\"http:\/\/grigori.impa.br\/site\/arquivos\/MetMat\/s3.pdf\">Cap\u00edtulo 3<\/a>,&nbsp;<a href=\"http:\/\/grigori.impa.br\/site\/arquivos\/MetMat\/s4.pdf\">Cap\u00edtulo 4<\/a>,&nbsp;<a href=\"https:\/\/grigori.impa.br\/data\/_uploaded\/Arquivos\/M%C3%A9todos\/Slides-SF.pdf\">S\u00e9ries de Fourier<\/a><\/li><li>Recomendo o&nbsp;<a href=\"https:\/\/www.youtube.com\/channel\/UC6TTtp9Hdx7GUz0OjrVg1_Q\/playlists?sort=dd&amp;view=50&amp;shelf_id=3\">canal<\/a>&nbsp;do colega Prof. Renan Lima do ITA sobre EDOs.<\/li><\/ul>\n\n\n\n<p><em>Parte 3: S\u00e9rie de Fourier<\/em><em>.<\/em><\/p>\n\n\n\n<ul><li>D. Figueredo, Equa\u00e7\u00f5es Diferencias e Aplica\u00e7\u00f5es.<\/li><li>Ulysses Sodr\u00e9,&nbsp;<a href=\"http:\/\/pessoal.sercomtel.com.br\/matematica\/superior\/fourier\/sfourier.pdf\">&#8220;S\u00e9ries de Fourier&#8221;<\/a>.<\/li><\/ul>\n\n\n\n<h4 class=\"wp-block-heading\"><strong>Listas de exerc\u00edcios:<\/strong><\/h4>\n\n\n\n<ol><li><a href=\"https:\/\/grigori.impa.br\/data\/_uploaded\/Arquivos\/M%C3%A9todos\/Listas\/Lista1.pdf\">Lista 1\u00a0<\/a>\u00c1lgebra Linear e C\u00e1lculo.\u00a0\u00a0\u00a0<strong> Entregar se quiser.<\/strong><\/li><li><a href=\"https:\/\/grigori.impa.br\/data\/_uploaded\/Arquivos\/M%C3%A9todos\/Listas\/Lista2.pdf\">Lista 2\u00a0<\/a>EDOs.\u00a0 \u00a0 \u00a0 \u00a0 \u00a0 \u00a0 \u00a0 \u00a0 \u00a0 \u00a0 \u00a0 \u00a0 \u00a0 \u00a0 \u00a0 \u00a0 \u00a0\u00a0<strong>Entregar se quiser.<\/strong><\/li><li><a href=\"https:\/\/grigori.impa.br\/data\/_uploaded\/Arquivos\/M%C3%A9todos\/Listas\/Lista3_TL.pdf\">Lista 3<\/a>\u00a0Transformada de Laplace.\u00a0  <strong>Entregar se quiser.<\/strong><\/li><li><a href=\"https:\/\/grigori.impa.br\/data\/_uploaded\/Arquivos\/M%C3%A9todos\/Listas\/Lista4_SF.pdf\">Lista 4<\/a>\u00a0S\u00e9ries de Fourier.<strong>\u00a0 \u00a0 \u00a0 \u00a0 \u00a0 \u00a0 \u00a0 \u00a0 Entregar se quiser.<\/strong><\/li><\/ol>\n\n\n\n<h4 class=\"wp-block-heading\">1\u00aa Avalia\u00e7\u00e3o:<\/h4>\n\n\n\n<ul><li><strong>Lista de Exerc\u00edcios:<\/strong>&nbsp;<em>Lista tem que ser feita em Overleaf (LaTeX) individual com nome do aluno. Espera-se que todos os alunos entrem ao menos uma vez por semana para fazer os exerc\u00edcios no Overleaf. Data de t\u00e9rmino da lista: 14\/10\/2020. Ap\u00f3s esta data Overleaf ser\u00e1 bloqueado para novas edi\u00e7\u00f5es. (<strong><a href=\"https:\/\/grigori.impa.br\/data\/_uploaded\/Arquivos\/M%C3%A9todos\/Lista_MetMat_2020_Caps1_2_3_6.pdf\">Lista AQUI<\/a><\/strong>) &#8211;&nbsp;Cap\u00edtulos 1, 2, 3 e 6 do livro texto;&nbsp;(<strong><a href=\"https:\/\/grigori.impa.br\/data\/_uploaded\/Arquivos\/M%C3%A9todos\/Lista2020_cap10.pdf\">Lista AQUI<\/a><\/strong>) &#8211;&nbsp;Cap\u00edtulos 10 do livro texto. Ainda ser\u00e1 acrecentada.<\/em><\/li><li><strong>Data limite: 14\/10\/2020 \u00e0s 23:00.<\/strong><\/li><\/ul>\n\n\n\n<h4 class=\"wp-block-heading\">2\u00aa Avalia\u00e7\u00e3o:<\/h4>\n\n\n\n<ul><li><strong>A combinar (caso tenha).<\/strong><\/li><\/ul>\n\n\n\n<p><strong>Avalia\u00e7\u00f5e<\/strong><strong>s de 2011:<\/strong>&nbsp;<a href=\"http:\/\/grigori.impa.br\/site\/arquivos\/MetMat\/TVC1.pdf\">1\/2011,<\/a>&nbsp;<a href=\"http:\/\/grigori.impa.br\/site\/arquivos\/MetMat\/TVC2.pdf\">2\/2011<\/a>.<\/p>\n\n\n\n<p><strong>Avalia\u00e7\u00f5e<\/strong><strong>s de 2012:<\/strong><a href=\"http:\/\/grigori.impa.br\/site\/arquivos\/MetMat\/TVC1_2012.pdf\">&nbsp;1\/2012<\/a>,&nbsp;<a href=\"http:\/\/grigori.impa.br\/site\/arquivos\/MetMat\/TVC2_2012.pdf\">2\/2012<\/a>,&nbsp;<a href=\"http:\/\/grigori.impa.br\/site\/arquivos\/MetMat\/TVC3_2012.pdf\">2\/2012 (2\u00aa chamada).<\/a><\/p>\n\n\n\n<p><strong>Avalia\u00e7\u00f5e<\/strong><strong>s de 2015:&nbsp;<\/strong><a href=\"http:\/\/grigori.impa.br\/site\/arquivos\/MetMat\/2015\/TVC1_2015.pdf\">1\/2015,<\/a>&nbsp;<a href=\"http:\/\/grigori.impa.br\/site\/arquivos\/MetMat\/2015\/TVC2_2015.pdf\">2\/2015<\/a>.<\/p>\n\n\n\n<p><strong>Avalia\u00e7\u00f5e<\/strong><strong>s de 2019:&nbsp;<\/strong><a href=\"https:\/\/grigori.impa.br\/data\/_uploaded\/Arquivos\/M%C3%A9todos\/TVC1_2019.pdf\">1\/2019<\/a>,&nbsp;<a href=\"https:\/\/grigori.impa.br\/data\/_uploaded\/Arquivos\/M%C3%A9todos\/TVC2_2019.pdf\">2\/2019<\/a>.<\/p>\n","protected":false},"excerpt":{"rendered":"<p>(2011, 2012, 2015, 2019, 2020) Por conta da pandemia do COVID-19 UFJF fez a in\u00fameras resolu\u00e7\u00f5es. Retornamos as atividades em modo de Ensino no\u00a0Regime Emergencial (ERE). Os encontros est\u00e3o acontecendo on-line na plataforma Google Meet semanalmente.\u00a0 Pessoal, eu criei um template da lista de exerc\u00edcios no Overleaf. Por favor verifiquem se receberam o convite. Fa\u00e7am &hellip;<\/p>\n<p class=\"read-more\"> <a class=\"\" href=\"http:\/\/lamap.ufjf.br\/grigori\/metodos-matematicos\/\"> <span class=\"screen-reader-text\">M\u00e9todos Matem\u00e1ticos<\/span> Leia mais &raquo;<\/a><\/p>\n","protected":false},"author":7,"featured_media":0,"parent":0,"menu_order":0,"comment_status":"closed","ping_status":"closed","template":"","meta":{"_uag_custom_page_level_css":"","site-sidebar-layout":"default","site-content-layout":"default","ast-global-header-display":"","ast-main-header-display":"","ast-hfb-above-header-display":"","ast-hfb-below-header-display":"","ast-hfb-mobile-header-display":"","site-post-title":"","ast-breadcrumbs-content":"","ast-featured-img":"","footer-sml-layout":"","theme-transparent-header-meta":"default","adv-header-id-meta":"","stick-header-meta":"","header-above-stick-meta":"","header-main-stick-meta":"","header-below-stick-meta":"","footnotes":""},"uagb_featured_image_src":{"full":false,"thumbnail":false,"medium":false,"medium_large":false,"large":false,"1536x1536":false,"2048x2048":false},"uagb_author_info":{"display_name":"grigorichapiro","author_link":"http:\/\/lamap.ufjf.br\/grigori\/author\/grigorichapiro\/"},"uagb_comment_info":0,"uagb_excerpt":"(2011, 2012, 2015, 2019, 2020) Por conta da pandemia do COVID-19 UFJF fez a in\u00fameras resolu\u00e7\u00f5es. Retornamos as atividades em modo de Ensino no\u00a0Regime Emergencial (ERE). Os encontros est\u00e3o acontecendo on-line na plataforma Google Meet semanalmente.\u00a0 Pessoal, eu criei um template da lista de exerc\u00edcios no Overleaf. Por favor verifiquem se receberam o convite. Fa\u00e7am&hellip;","_links":{"self":[{"href":"http:\/\/lamap.ufjf.br\/grigori\/wp-json\/wp\/v2\/pages\/42"}],"collection":[{"href":"http:\/\/lamap.ufjf.br\/grigori\/wp-json\/wp\/v2\/pages"}],"about":[{"href":"http:\/\/lamap.ufjf.br\/grigori\/wp-json\/wp\/v2\/types\/page"}],"author":[{"embeddable":true,"href":"http:\/\/lamap.ufjf.br\/grigori\/wp-json\/wp\/v2\/users\/7"}],"replies":[{"embeddable":true,"href":"http:\/\/lamap.ufjf.br\/grigori\/wp-json\/wp\/v2\/comments?post=42"}],"version-history":[{"count":4,"href":"http:\/\/lamap.ufjf.br\/grigori\/wp-json\/wp\/v2\/pages\/42\/revisions"}],"predecessor-version":[{"id":96,"href":"http:\/\/lamap.ufjf.br\/grigori\/wp-json\/wp\/v2\/pages\/42\/revisions\/96"}],"wp:attachment":[{"href":"http:\/\/lamap.ufjf.br\/grigori\/wp-json\/wp\/v2\/media?parent=42"}],"curies":[{"name":"wp","href":"https:\/\/api.w.org\/{rel}","templated":true}]}}