{"id":43,"date":"2021-04-28T20:28:00","date_gmt":"2021-04-28T23:28:00","guid":{"rendered":"http:\/\/lamap.ufjf.br\/grigori\/?page_id=43"},"modified":"2021-04-28T20:55:11","modified_gmt":"2021-04-28T23:55:11","slug":"minicursos","status":"publish","type":"page","link":"http:\/\/lamap.ufjf.br\/grigori\/minicursos\/","title":{"rendered":"Minicursos"},"content":{"rendered":"\n<p>Minicurso &#8220;Introdu\u00e7\u00e3o ao M\u00e9todo de Elementos Finitos&#8221; (2012)<\/p>\n\n\n\n<p>Ministrado no Programa de Ver\u00e3o da UFJF pelo Prof. Duilio Tadeu (UFRRJ)<\/p>\n\n\n\n<p>Arquivos :<\/p>\n\n\n\n<ul><li><a href=\"http:\/\/grigori.impa.br\/site\/arquivos\/minicurso\/ufjf_fev2012_FEMCurso_pt1.pdf\">Slides Parte 1.<\/a><\/li><li><a href=\"http:\/\/grigori.impa.br\/site\/arquivos\/minicurso\/ufjf_fev2012_FEMCurso_pt2.pdf\">Slides Parte 2.<\/a><\/li><li><a href=\"http:\/\/grigori.impa.br\/site\/arquivos\/minicurso\/fem2dprog.tar.gz\">Arquivos de Matlab<strong>.<\/strong><\/a><\/li><\/ul>\n\n\n\n<hr class=\"wp-block-separator\" \/>\n\n\n\n<p>Minicurso &#8220;Inje\u00e7\u00e3o de pol\u00edmeros&#8221; (2014)<\/p>\n\n\n\n<p>Ministrado pelo Prof. Pacelli Zitha (TU Delft, Holanda) nos meses de outubro e novembro de 2014 na UFJF<\/p>\n\n\n\n<p>Arquivos :<\/p>\n\n\n\n<ul><li><a href=\"http:\/\/grigori.impa.br\/site\/arquivos\/IPO\/Polymer%20course%20at%20Juiz%20de%20Fora.pdf\">Slides.<\/a><\/li><li><a href=\"http:\/\/grigori.impa.br\/site\/arquivos\/IPO\/Two%20Phase%20Flow%20Theory1.pdf\">Notas 1.<\/a><\/li><li><a href=\"http:\/\/grigori.impa.br\/site\/arquivos\/IPO\/Two%20Phase%20Flow%20Theory2.pdf\">Notas 2.<\/a><\/li><\/ul>\n\n\n\n<h3 class=\"wp-block-heading\">Palestras:<\/h3>\n\n\n\n<ul><li>&#8220;<a href=\"https:\/\/grigori.impa.br\/data\/_uploaded\/Arquivos\/Palestras\/TUDelft.pdf\">EM heating stimulated water flooding<\/a>&#8221; at TU Delft May, 2017<\/li><\/ul>\n","protected":false},"excerpt":{"rendered":"<p>Minicurso &#8220;Introdu\u00e7\u00e3o ao M\u00e9todo de Elementos Finitos&#8221; (2012) Ministrado no Programa de Ver\u00e3o da UFJF pelo Prof. Duilio Tadeu (UFRRJ) Arquivos : Slides Parte 1. Slides Parte 2. Arquivos de Matlab. Minicurso &#8220;Inje\u00e7\u00e3o de pol\u00edmeros&#8221; (2014) Ministrado pelo Prof. Pacelli Zitha (TU Delft, Holanda) nos meses de outubro e novembro de 2014 na UFJF Arquivos &hellip;<\/p>\n<p class=\"read-more\"> <a class=\"\" href=\"http:\/\/lamap.ufjf.br\/grigori\/minicursos\/\"> <span class=\"screen-reader-text\">Minicursos<\/span> Leia mais &raquo;<\/a><\/p>\n","protected":false},"author":7,"featured_media":0,"parent":0,"menu_order":0,"comment_status":"closed","ping_status":"closed","template":"","meta":{"_uag_custom_page_level_css":"","site-sidebar-layout":"default","site-content-layout":"default","ast-global-header-display":"","ast-main-header-display":"","ast-hfb-above-header-display":"","ast-hfb-below-header-display":"","ast-hfb-mobile-header-display":"","site-post-title":"","ast-breadcrumbs-content":"","ast-featured-img":"","footer-sml-layout":"","theme-transparent-header-meta":"default","adv-header-id-meta":"","stick-header-meta":"","header-above-stick-meta":"","header-main-stick-meta":"","header-below-stick-meta":"","footnotes":""},"uagb_featured_image_src":{"full":false,"thumbnail":false,"medium":false,"medium_large":false,"large":false,"1536x1536":false,"2048x2048":false},"uagb_author_info":{"display_name":"grigorichapiro","author_link":"http:\/\/lamap.ufjf.br\/grigori\/author\/grigorichapiro\/"},"uagb_comment_info":0,"uagb_excerpt":"Minicurso &#8220;Introdu\u00e7\u00e3o ao M\u00e9todo de Elementos Finitos&#8221; (2012) Ministrado no Programa de Ver\u00e3o da UFJF pelo Prof. Duilio Tadeu (UFRRJ) Arquivos : Slides Parte 1. Slides Parte 2. Arquivos de Matlab. Minicurso &#8220;Inje\u00e7\u00e3o de pol\u00edmeros&#8221; (2014) Ministrado pelo Prof. Pacelli Zitha (TU Delft, Holanda) nos meses de outubro e novembro de 2014 na UFJF Arquivos&hellip;","_links":{"self":[{"href":"http:\/\/lamap.ufjf.br\/grigori\/wp-json\/wp\/v2\/pages\/43"}],"collection":[{"href":"http:\/\/lamap.ufjf.br\/grigori\/wp-json\/wp\/v2\/pages"}],"about":[{"href":"http:\/\/lamap.ufjf.br\/grigori\/wp-json\/wp\/v2\/types\/page"}],"author":[{"embeddable":true,"href":"http:\/\/lamap.ufjf.br\/grigori\/wp-json\/wp\/v2\/users\/7"}],"replies":[{"embeddable":true,"href":"http:\/\/lamap.ufjf.br\/grigori\/wp-json\/wp\/v2\/comments?post=43"}],"version-history":[{"count":2,"href":"http:\/\/lamap.ufjf.br\/grigori\/wp-json\/wp\/v2\/pages\/43\/revisions"}],"predecessor-version":[{"id":97,"href":"http:\/\/lamap.ufjf.br\/grigori\/wp-json\/wp\/v2\/pages\/43\/revisions\/97"}],"wp:attachment":[{"href":"http:\/\/lamap.ufjf.br\/grigori\/wp-json\/wp\/v2\/media?parent=43"}],"curies":[{"name":"wp","href":"https:\/\/api.w.org\/{rel}","templated":true}]}}